{"id":8063,"date":"2025-01-31T08:31:52","date_gmt":"2025-01-31T07:31:52","guid":{"rendered":"https:\/\/divainers.com\/producto\/divain-240\/"},"modified":"2026-04-30T09:49:26","modified_gmt":"2026-04-30T07:49:26","slug":"divain-240","status":"publish","type":"product","link":"https:\/\/divainers.com\/lv\/producto\/divain-240\/","title":{"rendered":"divain.240"},"content":{"rendered":"<p>Dz\u012bvespriec\u012bga un drosm\u012bga smar\u017ea, rad\u012bta ekstravertam un ener\u0123iskam v\u012brietim. Atkl\u0101jum\u0101 svaiguma un gar\u0161vielu eksplozija ar citronu, ingvera un piparm\u0113tras not\u012bm modina ma\u0146as un pie\u0161\u0137ir dinamiku. Smar\u017eas sirds ir piepild\u012bta ar siltu un arom\u0101tisku lavandas piesk\u0101rienu, apvienojum\u0101 ar kan\u0113li un kardamonu, radot l\u012bdzsvaru starp maigumu un intensit\u0101ti. Pamata not\u012bs koksnes un balz\u0101ma tonis tonkas, sandalkoka un \u0101das ap\u0146em \u0101du ar izsmalcin\u0101t\u012bbas un sensualit\u0101tes p\u0113du. Ide\u0101li piem\u0113rota \u012bpa\u0161iem gad\u012bjumiem, \u0161\u012b smar\u017ea atspogu\u013co drosmi un p\u0101rliec\u012bbu, perfekta tiem, kas v\u0113las izcelties ar neaizmirstamu kl\u0101tb\u016btni.<\/p>\n","protected":false},"excerpt":{"rendered":"<p>Atg\u0101dina Azzaro Wanted no Azzaro<\/p>\n","protected":false},"featured_media":8061,"comment_status":"open","ping_status":"closed","template":"","meta":[],"product_brand":[],"product_cat":[1689],"product_tag":[1368],"class_list":{"0":"post-8063","1":"product","2":"type-product","3":"status-publish","4":"has-post-thumbnail","6":"product_cat-azzaro","7":"product_tag-viriesi","9":"first","10":"instock","11":"shipping-taxable","12":"product-type-simple"},"_links":{"self":[{"href":"https:\/\/divainers.com\/lv\/wp-json\/wp\/v2\/product\/8063","targetHints":{"allow":["GET"]}}],"collection":[{"href":"https:\/\/divainers.com\/lv\/wp-json\/wp\/v2\/product"}],"about":[{"href":"https:\/\/divainers.com\/lv\/wp-json\/wp\/v2\/types\/product"}],"replies":[{"embeddable":true,"href":"https:\/\/divainers.com\/lv\/wp-json\/wp\/v2\/comments?post=8063"}],"wp:featuredmedia":[{"embeddable":true,"href":"https:\/\/divainers.com\/lv\/wp-json\/wp\/v2\/media\/8061"}],"wp:attachment":[{"href":"https:\/\/divainers.com\/lv\/wp-json\/wp\/v2\/media?parent=8063"}],"wp:term":[{"taxonomy":"product_brand","embeddable":true,"href":"https:\/\/divainers.com\/lv\/wp-json\/wp\/v2\/product_brand?post=8063"},{"taxonomy":"product_cat","embeddable":true,"href":"https:\/\/divainers.com\/lv\/wp-json\/wp\/v2\/product_cat?post=8063"},{"taxonomy":"product_tag","embeddable":true,"href":"https:\/\/divainers.com\/lv\/wp-json\/wp\/v2\/product_tag?post=8063"}],"curies":[{"name":"wp","href":"https:\/\/api.w.org\/{rel}","templated":true}]}}