{"id":8107,"date":"2025-01-31T08:31:53","date_gmt":"2025-01-31T07:31:53","guid":{"rendered":"https:\/\/divainers.com\/producto\/divain-715\/"},"modified":"2026-04-30T09:49:34","modified_gmt":"2026-04-30T07:49:34","slug":"divain-715","status":"publish","type":"product","link":"https:\/\/divainers.com\/lv\/producto\/divain-715\/","title":{"rendered":"divain.715"},"content":{"rendered":"<p>T\u0101 ir svaiga un moderna ziedu smar\u017ea, ko raksturo kontrasts starp za\u013caj\u0101m un ziedu not\u012bm. Atv\u0113rums ir svaigs un viegls ar piparm\u0113tras piesk\u0101rienu, kas sapl\u016bst ar rozi un krustnagli\u0146u sird\u012b, radot svaigas un ap\u0146emjo\u0161as p\u013cavas zieda saj\u016btu. Att\u012bstoties, b\u0101zes notis ar dzintaru un vetiveru pie\u0161\u0137ir zemes un izsmalcin\u0101tu dzi\u013cumu, l\u012bdzsvarojot ziedu svaigumu. T\u0101 ir eleganta un m\u016bsdien\u012bga smar\u017ea, ide\u0101li piem\u0113rota tiem, kas mekl\u0113 kaut ko sievi\u0161\u0137\u012bgu, bet ar drosmes un modernit\u0101tes piesk\u0101rienu.<\/p>\n","protected":false},"excerpt":{"rendered":"<p>Atg\u0101dina Florabotanica no Balenciaga<\/p>\n","protected":false},"featured_media":8103,"comment_status":"open","ping_status":"closed","template":"","meta":[],"product_brand":[],"product_cat":[1710],"product_tag":[1420],"class_list":{"0":"post-8107","1":"product","2":"type-product","3":"status-publish","4":"has-post-thumbnail","6":"product_cat-balenciaga","7":"product_tag-frauen","9":"first","10":"instock","11":"shipping-taxable","12":"product-type-simple"},"_links":{"self":[{"href":"https:\/\/divainers.com\/lv\/wp-json\/wp\/v2\/product\/8107","targetHints":{"allow":["GET"]}}],"collection":[{"href":"https:\/\/divainers.com\/lv\/wp-json\/wp\/v2\/product"}],"about":[{"href":"https:\/\/divainers.com\/lv\/wp-json\/wp\/v2\/types\/product"}],"replies":[{"embeddable":true,"href":"https:\/\/divainers.com\/lv\/wp-json\/wp\/v2\/comments?post=8107"}],"wp:featuredmedia":[{"embeddable":true,"href":"https:\/\/divainers.com\/lv\/wp-json\/wp\/v2\/media\/8103"}],"wp:attachment":[{"href":"https:\/\/divainers.com\/lv\/wp-json\/wp\/v2\/media?parent=8107"}],"wp:term":[{"taxonomy":"product_brand","embeddable":true,"href":"https:\/\/divainers.com\/lv\/wp-json\/wp\/v2\/product_brand?post=8107"},{"taxonomy":"product_cat","embeddable":true,"href":"https:\/\/divainers.com\/lv\/wp-json\/wp\/v2\/product_cat?post=8107"},{"taxonomy":"product_tag","embeddable":true,"href":"https:\/\/divainers.com\/lv\/wp-json\/wp\/v2\/product_tag?post=8107"}],"curies":[{"name":"wp","href":"https:\/\/api.w.org\/{rel}","templated":true}]}}