{"id":8147,"date":"2025-01-31T08:31:53","date_gmt":"2025-01-31T07:31:53","guid":{"rendered":"https:\/\/divainers.com\/producto\/divain-412\/"},"modified":"2026-04-30T09:49:43","modified_gmt":"2026-04-30T07:49:43","slug":"divain-412","status":"publish","type":"product","link":"https:\/\/divainers.com\/lv\/producto\/divain-412\/","title":{"rendered":"divain.412"},"content":{"rendered":"<p>Bag\u0101ta un atkar\u012bbu izraiso\u0161a smar\u017ea, kas apvieno tabakas pikanto siltumu ar ro\u017eu samtaino sensualit\u0101ti. No pa\u0161a s\u0101kuma pikantas un saldas notis aptver ma\u0146as, radot intens\u012bvu un aizraujo\u0161u saj\u016btu. Sird\u012b roze atkl\u0101jas ar dzi\u013cu un nedaudz tum\u0161u raksturu, ko pavada dzintara un sve\u0137ainas nianses, kas izce\u013c t\u0101s bag\u0101t\u012bbu. B\u0101ze ir bl\u012bva un vilino\u0161a ar kakao, muskusa un kr\u0113m\u012bgu koku akordiem, kas atst\u0101j izsmalcin\u0101tu un ilgsto\u0161u p\u0113du. Ide\u0101li piem\u0113rota tiem, kas mekl\u0113 drosm\u012bgu, elegantu un rakstur\u012bgu arom\u0101tu.<\/p>\n","protected":false},"excerpt":{"rendered":"<p>Atg\u0101dina Tabac Rose no BDK Parfums<\/p>\n","protected":false},"featured_media":8145,"comment_status":"open","ping_status":"closed","template":"","meta":[],"product_brand":[],"product_cat":[1732],"product_tag":[1391],"class_list":{"0":"post-8147","1":"product","2":"type-product","3":"status-publish","4":"has-post-thumbnail","6":"product_cat-bdk-parfums","7":"product_tag-unisex","9":"first","10":"instock","11":"shipping-taxable","12":"product-type-simple"},"_links":{"self":[{"href":"https:\/\/divainers.com\/lv\/wp-json\/wp\/v2\/product\/8147","targetHints":{"allow":["GET"]}}],"collection":[{"href":"https:\/\/divainers.com\/lv\/wp-json\/wp\/v2\/product"}],"about":[{"href":"https:\/\/divainers.com\/lv\/wp-json\/wp\/v2\/types\/product"}],"replies":[{"embeddable":true,"href":"https:\/\/divainers.com\/lv\/wp-json\/wp\/v2\/comments?post=8147"}],"wp:featuredmedia":[{"embeddable":true,"href":"https:\/\/divainers.com\/lv\/wp-json\/wp\/v2\/media\/8145"}],"wp:attachment":[{"href":"https:\/\/divainers.com\/lv\/wp-json\/wp\/v2\/media?parent=8147"}],"wp:term":[{"taxonomy":"product_brand","embeddable":true,"href":"https:\/\/divainers.com\/lv\/wp-json\/wp\/v2\/product_brand?post=8147"},{"taxonomy":"product_cat","embeddable":true,"href":"https:\/\/divainers.com\/lv\/wp-json\/wp\/v2\/product_cat?post=8147"},{"taxonomy":"product_tag","embeddable":true,"href":"https:\/\/divainers.com\/lv\/wp-json\/wp\/v2\/product_tag?post=8147"}],"curies":[{"name":"wp","href":"https:\/\/api.w.org\/{rel}","templated":true}]}}