{"id":8232,"date":"2025-01-31T08:31:53","date_gmt":"2025-01-31T07:31:53","guid":{"rendered":"https:\/\/divainers.com\/producto\/divain-447\/"},"modified":"2026-04-30T09:50:04","modified_gmt":"2026-04-30T07:50:04","slug":"divain-447","status":"publish","type":"product","link":"https:\/\/divainers.com\/lv\/producto\/divain-447\/","title":{"rendered":"divain.447"},"content":{"rendered":"<p>Majest\u0101tiska un sp\u0113c\u012bga smar\u017ea, kas izstaro p\u0101rliec\u012bbu un izsmalcin\u0101t\u012bbu katr\u0101 not\u012b. Atkl\u0101jum\u0101 ir dz\u012bv\u012bgums un pikantums ar bergamotes un piparu spr\u0101dzienu, kas modina ma\u0146as ar ener\u0123iju un eleganci. Sird\u012b dzintars un lavanda sapl\u016bst ar c\u0113liem kokiem, pie\u0161\u0137irot dzi\u013cumu un izsmalcin\u0101tu gaisotni. Visbeidzot, silta vani\u013cas, pi\u017ema un ouda b\u0101ze atst\u0101j apv\u012bto\u0161u, intens\u012bvu un vilino\u0161u p\u0113du. Drosm\u012bgas un magn\u0113tiskas smar\u017eas, ide\u0101las tiem, kas mekl\u0113 arom\u0101tu ar raksturu, kl\u0101tb\u016btni un iespaid\u012bgu eleganci.<\/p>\n","protected":false},"excerpt":{"rendered":"<p>Atg\u0101dina King no Bharara<\/p>\n","protected":false},"featured_media":8227,"comment_status":"open","ping_status":"closed","template":"","meta":[],"product_brand":[],"product_cat":[1773],"product_tag":[1368],"class_list":{"0":"post-8232","1":"product","2":"type-product","3":"status-publish","4":"has-post-thumbnail","6":"product_cat-bharara","7":"product_tag-viriesi","9":"first","10":"instock","11":"shipping-taxable","12":"product-type-simple"},"_links":{"self":[{"href":"https:\/\/divainers.com\/lv\/wp-json\/wp\/v2\/product\/8232","targetHints":{"allow":["GET"]}}],"collection":[{"href":"https:\/\/divainers.com\/lv\/wp-json\/wp\/v2\/product"}],"about":[{"href":"https:\/\/divainers.com\/lv\/wp-json\/wp\/v2\/types\/product"}],"replies":[{"embeddable":true,"href":"https:\/\/divainers.com\/lv\/wp-json\/wp\/v2\/comments?post=8232"}],"wp:featuredmedia":[{"embeddable":true,"href":"https:\/\/divainers.com\/lv\/wp-json\/wp\/v2\/media\/8227"}],"wp:attachment":[{"href":"https:\/\/divainers.com\/lv\/wp-json\/wp\/v2\/media?parent=8232"}],"wp:term":[{"taxonomy":"product_brand","embeddable":true,"href":"https:\/\/divainers.com\/lv\/wp-json\/wp\/v2\/product_brand?post=8232"},{"taxonomy":"product_cat","embeddable":true,"href":"https:\/\/divainers.com\/lv\/wp-json\/wp\/v2\/product_cat?post=8232"},{"taxonomy":"product_tag","embeddable":true,"href":"https:\/\/divainers.com\/lv\/wp-json\/wp\/v2\/product_tag?post=8232"}],"curies":[{"name":"wp","href":"https:\/\/api.w.org\/{rel}","templated":true}]}}