{"id":825,"date":"2025-01-31T08:32:50","date_gmt":"2025-01-31T07:32:50","guid":{"rendered":"https:\/\/divainers.com\/producto\/divain-130\/"},"modified":"2026-03-16T16:07:54","modified_gmt":"2026-03-16T15:07:54","slug":"divain-130","status":"publish","type":"product","link":"https:\/\/divainers.com\/lv\/producto\/divain-130\/","title":{"rendered":"divain.130"},"content":{"rendered":"<p>Un aroma hipn\u00f3tico y envolvente que seduce con su dulzura cautivadora. Su apertura luminosa de maracuy\u00e1 y notas c\u00edtricas aporta un frescor ex\u00f3tico y vibrante. En el coraz\u00f3n, el jazm\u00edn y la gardenia despliegan una feminidad sensual y sofisticada. En el fondo, la vainilla, el vetiver y el almizcle crean una estela c\u00e1lida, cremosa y profundamente adictiva, perfecta para la mujer magn\u00e9tica, elegante y con un encanto irresistible que deja una huella imborrable a su paso.<\/p>\n","protected":false},"excerpt":{"rendered":"<p>Recuerda a Hypnose de Lanc\u00f4me<\/p>\n","protected":false},"featured_media":3470,"comment_status":"open","ping_status":"closed","template":"","meta":[],"product_brand":[],"product_cat":[596],"product_tag":[1450],"class_list":{"0":"post-825","1":"product","2":"type-product","3":"status-publish","4":"has-post-thumbnail","6":"product_cat-lancome","7":"product_tag-femei","9":"first","10":"instock","11":"shipping-taxable","12":"product-type-simple"},"_links":{"self":[{"href":"https:\/\/divainers.com\/lv\/wp-json\/wp\/v2\/product\/825","targetHints":{"allow":["GET"]}}],"collection":[{"href":"https:\/\/divainers.com\/lv\/wp-json\/wp\/v2\/product"}],"about":[{"href":"https:\/\/divainers.com\/lv\/wp-json\/wp\/v2\/types\/product"}],"replies":[{"embeddable":true,"href":"https:\/\/divainers.com\/lv\/wp-json\/wp\/v2\/comments?post=825"}],"wp:featuredmedia":[{"embeddable":true,"href":"https:\/\/divainers.com\/lv\/wp-json\/wp\/v2\/media\/3470"}],"wp:attachment":[{"href":"https:\/\/divainers.com\/lv\/wp-json\/wp\/v2\/media?parent=825"}],"wp:term":[{"taxonomy":"product_brand","embeddable":true,"href":"https:\/\/divainers.com\/lv\/wp-json\/wp\/v2\/product_brand?post=825"},{"taxonomy":"product_cat","embeddable":true,"href":"https:\/\/divainers.com\/lv\/wp-json\/wp\/v2\/product_cat?post=825"},{"taxonomy":"product_tag","embeddable":true,"href":"https:\/\/divainers.com\/lv\/wp-json\/wp\/v2\/product_tag?post=825"}],"curies":[{"name":"wp","href":"https:\/\/api.w.org\/{rel}","templated":true}]}}