{"id":8314,"date":"2025-01-31T08:31:53","date_gmt":"2025-01-31T07:31:53","guid":{"rendered":"https:\/\/divainers.com\/producto\/divain-668\/"},"modified":"2026-04-30T09:50:37","modified_gmt":"2026-04-30T07:50:37","slug":"divain-668","status":"publish","type":"product","link":"https:\/\/divainers.com\/lv\/producto\/divain-668\/","title":{"rendered":"divain.668"},"content":{"rendered":"<p>Izsmalcin\u0101ta un valdzino\u0161a smar\u017ea, kas izstaro eleganci un nosl\u0113pumain\u012bbu. Atkl\u0101jum\u0101 atkl\u0101jas svaiga un citrusaina sajaukums, kas sapl\u016bst ar j\u016bras not\u012bm, atg\u0101dinot v\u0113so oke\u0101na v\u0113ju. Kad smar\u017ea nostiprin\u0101s, sirds atkl\u0101j ziedu un aug\u013cu akordu, kur eksotisko aug\u013cu saldums savijas ar maigu ziedu maigumu, radot apvijo\u0161u un sievi\u0161\u0137\u012bgu saj\u016btu. B\u0101ze, dzi\u013ca un izsmalcin\u0101ta, sast\u0101v no d\u0101rg\u0101m koksn\u0113m un smalkas pi\u017ema piesk\u0101riena, kas pie\u0161\u0137ir siltu un vilino\u0161u arom\u0101tu. T\u0101 ir ide\u0101la smar\u017ea tiem, kas mekl\u0113 izsmalcin\u0101tu un rakstur\u012bgu parf\u012bmu, perfekta sievietei, kura v\u0113las izstarot grezn\u012bbas, sp\u0113ka un p\u0101rliec\u012bbas t\u0113lu.<\/p>\n","protected":false},"excerpt":{"rendered":"<p>Atg\u0101dina Blue Sapphire no Boadicea The Victorious<\/p>\n","protected":false},"featured_media":8313,"comment_status":"open","ping_status":"closed","template":"","meta":[],"product_brand":[],"product_cat":[1814],"product_tag":[1393],"class_list":{"0":"post-8314","1":"product","2":"type-product","3":"status-publish","4":"has-post-thumbnail","6":"product_cat-boadicea-the-victorious","7":"product_tag-unisex","9":"first","10":"instock","11":"shipping-taxable","12":"product-type-simple"},"_links":{"self":[{"href":"https:\/\/divainers.com\/lv\/wp-json\/wp\/v2\/product\/8314","targetHints":{"allow":["GET"]}}],"collection":[{"href":"https:\/\/divainers.com\/lv\/wp-json\/wp\/v2\/product"}],"about":[{"href":"https:\/\/divainers.com\/lv\/wp-json\/wp\/v2\/types\/product"}],"replies":[{"embeddable":true,"href":"https:\/\/divainers.com\/lv\/wp-json\/wp\/v2\/comments?post=8314"}],"wp:featuredmedia":[{"embeddable":true,"href":"https:\/\/divainers.com\/lv\/wp-json\/wp\/v2\/media\/8313"}],"wp:attachment":[{"href":"https:\/\/divainers.com\/lv\/wp-json\/wp\/v2\/media?parent=8314"}],"wp:term":[{"taxonomy":"product_brand","embeddable":true,"href":"https:\/\/divainers.com\/lv\/wp-json\/wp\/v2\/product_brand?post=8314"},{"taxonomy":"product_cat","embeddable":true,"href":"https:\/\/divainers.com\/lv\/wp-json\/wp\/v2\/product_cat?post=8314"},{"taxonomy":"product_tag","embeddable":true,"href":"https:\/\/divainers.com\/lv\/wp-json\/wp\/v2\/product_tag?post=8314"}],"curies":[{"name":"wp","href":"https:\/\/api.w.org\/{rel}","templated":true}]}}