{"id":8356,"date":"2025-01-31T08:31:53","date_gmt":"2025-01-31T07:31:53","guid":{"rendered":"https:\/\/divainers.com\/producto\/divain-452\/"},"modified":"2026-04-30T09:50:49","modified_gmt":"2026-04-30T07:50:49","slug":"divain-452","status":"publish","type":"product","link":"https:\/\/divainers.com\/lv\/producto\/divain-452\/","title":{"rendered":"divain.452"},"content":{"rendered":"<p>Dz\u012bv\u012bga un izsmalcin\u0101ta smar\u017ea, kas iem\u016b\u017eina pils\u0113tas dinamisko ener\u0123iju ar svaiguma un neatvair\u0101mas siltuma piesk\u0101rienu. Atkl\u0101\u0161an\u0101s ir gai\u0161a un sul\u012bga, ar melno j\u0101\u0146ogu un melle\u0146u eksploziju, ko pastiprina za\u013cas un pikantas notis, kas modina ma\u0146as. Sird\u012b vijol\u012b\u0161u un kan\u0113\u013ca notis pie\u0161\u0137ir dzi\u013cumu un izsmalcin\u0101t\u012bbu, kam\u0113r b\u0101ze no dzintara, vani\u013cas un d\u0101rgajiem kokiem ietver \u0101du ar apburo\u0161u, kr\u0113m\u012bgu un vilino\u0161u p\u0113du. M\u016bsdien\u012bgs un daudzpus\u012bgs parf\u012bms, ide\u0101ls tiem, kas mekl\u0113 unik\u0101lu, izsmalcin\u0101tu un neatk\u0101rtojamu kl\u0101tb\u016btni.<\/p>\n","protected":false},"excerpt":{"rendered":"<p>Atg\u0101dina Bleecker Street no Bond No 9<\/p>\n","protected":false},"featured_media":8355,"comment_status":"open","ping_status":"closed","template":"","meta":[],"product_brand":[],"product_cat":[1835],"product_tag":[1393],"class_list":{"0":"post-8356","1":"product","2":"type-product","3":"status-publish","4":"has-post-thumbnail","6":"product_cat-bond-no-9","7":"product_tag-unisex","9":"first","10":"instock","11":"shipping-taxable","12":"product-type-simple"},"_links":{"self":[{"href":"https:\/\/divainers.com\/lv\/wp-json\/wp\/v2\/product\/8356","targetHints":{"allow":["GET"]}}],"collection":[{"href":"https:\/\/divainers.com\/lv\/wp-json\/wp\/v2\/product"}],"about":[{"href":"https:\/\/divainers.com\/lv\/wp-json\/wp\/v2\/types\/product"}],"replies":[{"embeddable":true,"href":"https:\/\/divainers.com\/lv\/wp-json\/wp\/v2\/comments?post=8356"}],"wp:featuredmedia":[{"embeddable":true,"href":"https:\/\/divainers.com\/lv\/wp-json\/wp\/v2\/media\/8355"}],"wp:attachment":[{"href":"https:\/\/divainers.com\/lv\/wp-json\/wp\/v2\/media?parent=8356"}],"wp:term":[{"taxonomy":"product_brand","embeddable":true,"href":"https:\/\/divainers.com\/lv\/wp-json\/wp\/v2\/product_brand?post=8356"},{"taxonomy":"product_cat","embeddable":true,"href":"https:\/\/divainers.com\/lv\/wp-json\/wp\/v2\/product_cat?post=8356"},{"taxonomy":"product_tag","embeddable":true,"href":"https:\/\/divainers.com\/lv\/wp-json\/wp\/v2\/product_tag?post=8356"}],"curies":[{"name":"wp","href":"https:\/\/api.w.org\/{rel}","templated":true}]}}