{"id":8399,"date":"2025-01-31T08:31:53","date_gmt":"2025-01-31T07:31:53","guid":{"rendered":"https:\/\/divainers.com\/producto\/divain-823\/"},"modified":"2026-04-30T09:50:59","modified_gmt":"2026-04-30T07:50:59","slug":"divain-823","status":"publish","type":"product","link":"https:\/\/divainers.com\/lv\/producto\/divain-823\/","title":{"rendered":"divain.823"},"content":{"rendered":"<p>\u0160\u012b unisex smar\u017ea izce\u013cas ar savu ziedu \u010dipre arom\u0101tu, kur roz\u0101 piparu un bergamotes notis atver ce\u013cu uz Sambac jasm\u012bna sirdi. B\u0101z\u0113 \u0101da, ozolkoka s\u016bnas un pa\u010d\u016blija pie\u0161\u0137ir dzi\u013cumu un izsmalcin\u0101t\u012bbu. Ide\u0101li piem\u0113rota tiem, kas mekl\u0113 esenci, kas apvieno eleganci un jutekliskumu jebkur\u0101 situ\u0101cij\u0101.<\/p>\n","protected":false},"excerpt":{"rendered":"<p>Atg\u0101dina Bottega Veneta no Bottega Veneta<\/p>\n","protected":false},"featured_media":8396,"comment_status":"open","ping_status":"closed","template":"","meta":[],"product_brand":[],"product_cat":[1856],"product_tag":[1452],"class_list":{"0":"post-8399","1":"product","2":"type-product","3":"status-publish","4":"has-post-thumbnail","6":"product_cat-bottega-veneta","7":"product_tag-sievietes","9":"first","10":"instock","11":"shipping-taxable","12":"product-type-simple"},"_links":{"self":[{"href":"https:\/\/divainers.com\/lv\/wp-json\/wp\/v2\/product\/8399","targetHints":{"allow":["GET"]}}],"collection":[{"href":"https:\/\/divainers.com\/lv\/wp-json\/wp\/v2\/product"}],"about":[{"href":"https:\/\/divainers.com\/lv\/wp-json\/wp\/v2\/types\/product"}],"replies":[{"embeddable":true,"href":"https:\/\/divainers.com\/lv\/wp-json\/wp\/v2\/comments?post=8399"}],"wp:featuredmedia":[{"embeddable":true,"href":"https:\/\/divainers.com\/lv\/wp-json\/wp\/v2\/media\/8396"}],"wp:attachment":[{"href":"https:\/\/divainers.com\/lv\/wp-json\/wp\/v2\/media?parent=8399"}],"wp:term":[{"taxonomy":"product_brand","embeddable":true,"href":"https:\/\/divainers.com\/lv\/wp-json\/wp\/v2\/product_brand?post=8399"},{"taxonomy":"product_cat","embeddable":true,"href":"https:\/\/divainers.com\/lv\/wp-json\/wp\/v2\/product_cat?post=8399"},{"taxonomy":"product_tag","embeddable":true,"href":"https:\/\/divainers.com\/lv\/wp-json\/wp\/v2\/product_tag?post=8399"}],"curies":[{"name":"wp","href":"https:\/\/api.w.org\/{rel}","templated":true}]}}