{"id":8441,"date":"2025-01-31T08:31:53","date_gmt":"2025-01-31T07:31:53","guid":{"rendered":"https:\/\/divainers.com\/producto\/divain-518\/"},"modified":"2026-04-30T09:51:12","modified_gmt":"2026-04-30T07:51:12","slug":"divain-518","status":"publish","type":"product","link":"https:\/\/divainers.com\/lv\/producto\/divain-518\/","title":{"rendered":"divain.518"},"content":{"rendered":"<p>Eksotisks un apv\u012bsto\u0161s arom\u0101ts, kas aizved uz ma\u0146u ce\u013cojumu, pilnu ar siltumu un izsmalcin\u0101t\u012bbu. No pa\u0161as atkl\u0101\u0161anas kan\u0113\u013ca un bergamotes sald\u0101 gar\u0161viela modina ma\u0146as ar siltu un spo\u017eu vibr\u0101ciju. Sird\u012b elegants jasm\u012bna un ro\u017eu pu\u0161\u0137is sapl\u016bst ar ilang-ilang not\u012bm, pie\u0161\u0137irot bag\u0101t\u012bgu un vilino\u0161u sievi\u0161\u0137\u012bbu. Visbeidzot, vani\u013cas, benzo\u012bna un dzintara b\u0101ze atst\u0101j kr\u0113m\u012bgu, apv\u012bsto\u0161u un dzi\u013ci sensu\u0101lu p\u0113du. Luksusa un magn\u0113tisks parf\u012bms, ide\u0101ls tiem, kas mekl\u0113 austrumu, siltu un ar izsmalcin\u0101tu, neaizmirstamu raksturu.<\/p>\n","protected":false},"excerpt":{"rendered":"<p>Atg\u0101dina Jaipur no Boucheron<\/p>\n","protected":false},"featured_media":8437,"comment_status":"open","ping_status":"closed","template":"","meta":[],"product_brand":[],"product_cat":[1877],"product_tag":[1452],"class_list":{"0":"post-8441","1":"product","2":"type-product","3":"status-publish","4":"has-post-thumbnail","6":"product_cat-boucheron","7":"product_tag-sievietes","9":"first","10":"instock","11":"shipping-taxable","12":"product-type-simple"},"_links":{"self":[{"href":"https:\/\/divainers.com\/lv\/wp-json\/wp\/v2\/product\/8441","targetHints":{"allow":["GET"]}}],"collection":[{"href":"https:\/\/divainers.com\/lv\/wp-json\/wp\/v2\/product"}],"about":[{"href":"https:\/\/divainers.com\/lv\/wp-json\/wp\/v2\/types\/product"}],"replies":[{"embeddable":true,"href":"https:\/\/divainers.com\/lv\/wp-json\/wp\/v2\/comments?post=8441"}],"wp:featuredmedia":[{"embeddable":true,"href":"https:\/\/divainers.com\/lv\/wp-json\/wp\/v2\/media\/8437"}],"wp:attachment":[{"href":"https:\/\/divainers.com\/lv\/wp-json\/wp\/v2\/media?parent=8441"}],"wp:term":[{"taxonomy":"product_brand","embeddable":true,"href":"https:\/\/divainers.com\/lv\/wp-json\/wp\/v2\/product_brand?post=8441"},{"taxonomy":"product_cat","embeddable":true,"href":"https:\/\/divainers.com\/lv\/wp-json\/wp\/v2\/product_cat?post=8441"},{"taxonomy":"product_tag","embeddable":true,"href":"https:\/\/divainers.com\/lv\/wp-json\/wp\/v2\/product_tag?post=8441"}],"curies":[{"name":"wp","href":"https:\/\/api.w.org\/{rel}","templated":true}]}}