{"id":846,"date":"2025-01-31T08:32:53","date_gmt":"2025-01-31T07:32:53","guid":{"rendered":"https:\/\/divainers.com\/producto\/divain-877\/"},"modified":"2026-03-16T16:07:57","modified_gmt":"2026-03-16T15:07:57","slug":"divain-877","status":"publish","type":"product","link":"https:\/\/divainers.com\/lv\/producto\/divain-877\/","title":{"rendered":"divain.877"},"content":{"rendered":"<p>Imagina una fragancia c\u00e1lida y envolvente, donde las especias como la canela y la nuez moscada se mezclan con la frescura de la bergamota, creando una apertura vibrante. En su coraz\u00f3n, una dulzura rica de d\u00e1tiles, pralin\u00e9 y nardos se entrelaza con un toque floral suave. Finalmente, el fondo de vainilla, haba tonka, mirra y madera de \u00e1mbar deja una estela c\u00e1lida y resinosa, creando una fragancia unisex profunda y duradera, ideal para quienes buscan una experiencia olfativa sofisticada y memorable.<\/p>\n","protected":false},"excerpt":{"rendered":"<p>Recuerda a Khamrah de Lattafa Perfume<\/p>\n","protected":false},"featured_media":3153,"comment_status":"open","ping_status":"closed","template":"","meta":[],"product_brand":[],"product_cat":[610],"product_tag":[29],"class_list":{"0":"post-846","1":"product","2":"type-product","3":"status-publish","4":"has-post-thumbnail","6":"product_cat-lattafa","7":"product_tag-unisex","9":"first","10":"instock","11":"shipping-taxable","12":"product-type-simple"},"_links":{"self":[{"href":"https:\/\/divainers.com\/lv\/wp-json\/wp\/v2\/product\/846","targetHints":{"allow":["GET"]}}],"collection":[{"href":"https:\/\/divainers.com\/lv\/wp-json\/wp\/v2\/product"}],"about":[{"href":"https:\/\/divainers.com\/lv\/wp-json\/wp\/v2\/types\/product"}],"replies":[{"embeddable":true,"href":"https:\/\/divainers.com\/lv\/wp-json\/wp\/v2\/comments?post=846"}],"wp:featuredmedia":[{"embeddable":true,"href":"https:\/\/divainers.com\/lv\/wp-json\/wp\/v2\/media\/3153"}],"wp:attachment":[{"href":"https:\/\/divainers.com\/lv\/wp-json\/wp\/v2\/media?parent=846"}],"wp:term":[{"taxonomy":"product_brand","embeddable":true,"href":"https:\/\/divainers.com\/lv\/wp-json\/wp\/v2\/product_brand?post=846"},{"taxonomy":"product_cat","embeddable":true,"href":"https:\/\/divainers.com\/lv\/wp-json\/wp\/v2\/product_cat?post=846"},{"taxonomy":"product_tag","embeddable":true,"href":"https:\/\/divainers.com\/lv\/wp-json\/wp\/v2\/product_tag?post=846"}],"curies":[{"name":"wp","href":"https:\/\/api.w.org\/{rel}","templated":true}]}}