{"id":8486,"date":"2025-01-31T08:31:54","date_gmt":"2025-01-31T07:31:54","guid":{"rendered":"https:\/\/divainers.com\/producto\/divain-060\/"},"modified":"2026-04-30T09:51:24","modified_gmt":"2026-04-30T07:51:24","slug":"divain-060","status":"publish","type":"product","link":"https:\/\/divainers.com\/lv\/producto\/divain-060\/","title":{"rendered":"divain.060"},"content":{"rendered":"<p>Salds un burv\u012bgs arom\u0101ts, kas raisa fant\u0101zijas un romantikas pasauli. T\u0101 dzirksto\u0161\u0101 atkl\u0101\u0161ana ar kivi, sarkano li\u010d\u012b un cidoniju sniedz aug\u013cainu un sul\u012bgu piesk\u0101rienu. Sird\u012b jasm\u012bns un baltais \u0161okol\u0101de rada atkar\u012bbu izraiso\u0161u un vilino\u0161u kombin\u0101ciju. Pamatos vani\u013ca, muskuss un kr\u0113m\u012bgas koksnes notis ietver arom\u0101tu silt\u0101 un ap\u0146emjo\u0161\u0101 p\u0113d\u0101. Ide\u0101li piem\u0113rots sap\u0146ainai, rota\u013c\u012bgai sievietei ar ma\u0123isku un neatvair\u0101mu garu.<\/p>\n","protected":false},"excerpt":{"rendered":"<p>Atg\u0101dina Fantasy no Britney Spears<\/p>\n","protected":false},"featured_media":8479,"comment_status":"open","ping_status":"closed","template":"","meta":[],"product_brand":[],"product_cat":[1899],"product_tag":[1452],"class_list":{"0":"post-8486","1":"product","2":"type-product","3":"status-publish","4":"has-post-thumbnail","6":"product_cat-britney-spears","7":"product_tag-sievietes","9":"first","10":"instock","11":"shipping-taxable","12":"product-type-simple"},"_links":{"self":[{"href":"https:\/\/divainers.com\/lv\/wp-json\/wp\/v2\/product\/8486","targetHints":{"allow":["GET"]}}],"collection":[{"href":"https:\/\/divainers.com\/lv\/wp-json\/wp\/v2\/product"}],"about":[{"href":"https:\/\/divainers.com\/lv\/wp-json\/wp\/v2\/types\/product"}],"replies":[{"embeddable":true,"href":"https:\/\/divainers.com\/lv\/wp-json\/wp\/v2\/comments?post=8486"}],"wp:featuredmedia":[{"embeddable":true,"href":"https:\/\/divainers.com\/lv\/wp-json\/wp\/v2\/media\/8479"}],"wp:attachment":[{"href":"https:\/\/divainers.com\/lv\/wp-json\/wp\/v2\/media?parent=8486"}],"wp:term":[{"taxonomy":"product_brand","embeddable":true,"href":"https:\/\/divainers.com\/lv\/wp-json\/wp\/v2\/product_brand?post=8486"},{"taxonomy":"product_cat","embeddable":true,"href":"https:\/\/divainers.com\/lv\/wp-json\/wp\/v2\/product_cat?post=8486"},{"taxonomy":"product_tag","embeddable":true,"href":"https:\/\/divainers.com\/lv\/wp-json\/wp\/v2\/product_tag?post=8486"}],"curies":[{"name":"wp","href":"https:\/\/api.w.org\/{rel}","templated":true}]}}