{"id":8523,"date":"2025-01-31T08:31:54","date_gmt":"2025-01-31T07:31:54","guid":{"rendered":"https:\/\/divainers.com\/producto\/divain-137\/"},"modified":"2026-04-30T09:51:32","modified_gmt":"2026-04-30T07:51:32","slug":"divain-137","status":"publish","type":"product","link":"https:\/\/divainers.com\/lv\/producto\/divain-137\/","title":{"rendered":"divain.137"},"content":{"rendered":"<p>Silta un eleganta smar\u017ea, kas ap\u0146em ma\u0146as ar savu izsmalcin\u0101to jutekliskumu. Aug\u013caina atkl\u0101\u0161an\u0101s ar persiku, bumbieri un melno j\u0101\u0146ogu sniedz sul\u012bgu un gai\u0161u saldumu. Sird\u012b jasm\u012bns un sandalkoks rada maigu un izsmalcin\u0101tu kombin\u0101ciju, kas izce\u013c sievi\u0161\u0137\u012bbu ar ap\u0146emjo\u0161u piesk\u0101rienu. Pamata not\u012bs vani\u013ca un baltais muskuss atst\u0101j siltu un nomierino\u0161u p\u0113du, ide\u0101li piem\u0113rota klasiskai, izsmalcin\u0101tai sievietei ar m\u016b\u017e\u012bgu \u0161armu, kas atst\u0101j neaizmirstamu iespaidu.<\/p>\n","protected":false},"excerpt":{"rendered":"<p>Atg\u0101dina Burberry Women no Burberry<\/p>\n","protected":false},"featured_media":8522,"comment_status":"open","ping_status":"closed","template":"","meta":[],"product_brand":[],"product_cat":[1917],"product_tag":[1452],"class_list":{"0":"post-8523","1":"product","2":"type-product","3":"status-publish","4":"has-post-thumbnail","6":"product_cat-burberry","7":"product_tag-sievietes","9":"first","10":"instock","11":"shipping-taxable","12":"product-type-simple"},"_links":{"self":[{"href":"https:\/\/divainers.com\/lv\/wp-json\/wp\/v2\/product\/8523","targetHints":{"allow":["GET"]}}],"collection":[{"href":"https:\/\/divainers.com\/lv\/wp-json\/wp\/v2\/product"}],"about":[{"href":"https:\/\/divainers.com\/lv\/wp-json\/wp\/v2\/types\/product"}],"replies":[{"embeddable":true,"href":"https:\/\/divainers.com\/lv\/wp-json\/wp\/v2\/comments?post=8523"}],"wp:featuredmedia":[{"embeddable":true,"href":"https:\/\/divainers.com\/lv\/wp-json\/wp\/v2\/media\/8522"}],"wp:attachment":[{"href":"https:\/\/divainers.com\/lv\/wp-json\/wp\/v2\/media?parent=8523"}],"wp:term":[{"taxonomy":"product_brand","embeddable":true,"href":"https:\/\/divainers.com\/lv\/wp-json\/wp\/v2\/product_brand?post=8523"},{"taxonomy":"product_cat","embeddable":true,"href":"https:\/\/divainers.com\/lv\/wp-json\/wp\/v2\/product_cat?post=8523"},{"taxonomy":"product_tag","embeddable":true,"href":"https:\/\/divainers.com\/lv\/wp-json\/wp\/v2\/product_tag?post=8523"}],"curies":[{"name":"wp","href":"https:\/\/api.w.org\/{rel}","templated":true}]}}