{"id":855,"date":"2025-01-31T08:32:53","date_gmt":"2025-01-31T07:32:53","guid":{"rendered":"https:\/\/divainers.com\/producto\/divain-105\/"},"modified":"2026-03-16T16:07:58","modified_gmt":"2026-03-16T15:07:58","slug":"divain-105","status":"publish","type":"product","link":"https:\/\/divainers.com\/lv\/producto\/divain-105\/","title":{"rendered":"divain.105"},"content":{"rendered":"<p>Un aroma et\u00e9reo y luminoso que evoca la frescura y la pureza de la brisa mediterr\u00e1nea. Su apertura chispeante de c\u00edtricos y t\u00e9 verde aporta una sensaci\u00f3n ligera y revitalizante. En el coraz\u00f3n, el jazm\u00edn, el lirio de los valles y la rosa envuelven la fragancia en una feminidad elegante y natural. En el fondo, el almizcle, el vetiver y el s\u00e1ndalo crean una estela suave y envolvente, perfecta para la mujer serena, sofisticada y con un esp\u00edritu libre que deja una impresi\u00f3n delicada y eterna.<\/p>\n","protected":false},"excerpt":{"rendered":"<p>Recuerda a Aire de Loewe<\/p>\n","protected":false},"featured_media":3605,"comment_status":"open","ping_status":"closed","template":"","meta":[],"product_brand":[],"product_cat":[627],"product_tag":[38],"class_list":{"0":"post-855","1":"product","2":"type-product","3":"status-publish","4":"has-post-thumbnail","6":"product_cat-loewe","7":"product_tag-mujer","9":"first","10":"instock","11":"shipping-taxable","12":"product-type-simple"},"_links":{"self":[{"href":"https:\/\/divainers.com\/lv\/wp-json\/wp\/v2\/product\/855","targetHints":{"allow":["GET"]}}],"collection":[{"href":"https:\/\/divainers.com\/lv\/wp-json\/wp\/v2\/product"}],"about":[{"href":"https:\/\/divainers.com\/lv\/wp-json\/wp\/v2\/types\/product"}],"replies":[{"embeddable":true,"href":"https:\/\/divainers.com\/lv\/wp-json\/wp\/v2\/comments?post=855"}],"wp:featuredmedia":[{"embeddable":true,"href":"https:\/\/divainers.com\/lv\/wp-json\/wp\/v2\/media\/3605"}],"wp:attachment":[{"href":"https:\/\/divainers.com\/lv\/wp-json\/wp\/v2\/media?parent=855"}],"wp:term":[{"taxonomy":"product_brand","embeddable":true,"href":"https:\/\/divainers.com\/lv\/wp-json\/wp\/v2\/product_brand?post=855"},{"taxonomy":"product_cat","embeddable":true,"href":"https:\/\/divainers.com\/lv\/wp-json\/wp\/v2\/product_cat?post=855"},{"taxonomy":"product_tag","embeddable":true,"href":"https:\/\/divainers.com\/lv\/wp-json\/wp\/v2\/product_tag?post=855"}],"curies":[{"name":"wp","href":"https:\/\/api.w.org\/{rel}","templated":true}]}}