{"id":857,"date":"2025-01-31T08:32:54","date_gmt":"2025-01-31T07:32:54","guid":{"rendered":"https:\/\/divainers.com\/producto\/divain-128\/"},"modified":"2026-03-16T16:07:58","modified_gmt":"2026-03-16T15:07:58","slug":"divain-128","status":"publish","type":"product","link":"https:\/\/divainers.com\/lv\/producto\/divain-128\/","title":{"rendered":"divain.128"},"content":{"rendered":"<p>Un aroma fresco y puro que evoca la serenidad del agua y la elegancia natural. Su apertura luminosa de bergamota y yuzu aporta una sensaci\u00f3n c\u00edtrica y revitalizante. En el coraz\u00f3n, el t\u00e9 y los matices florales de la rosa y el lirio de los valles crean una feminidad sutil y sofisticada. En el fondo, el cedro y el almizcle blanco envuelven la fragancia en una estela suave y envolvente, perfecta para la mujer elegante, equilibrada y con un esp\u00edritu libre que busca la armon\u00eda en cada instante.<\/p>\n","protected":false},"excerpt":{"rendered":"<p>Recuerda a Agua de Loewe de Loewe<\/p>\n","protected":false},"featured_media":3617,"comment_status":"open","ping_status":"closed","template":"","meta":[],"product_brand":[],"product_cat":[627],"product_tag":[29],"class_list":{"0":"post-857","1":"product","2":"type-product","3":"status-publish","4":"has-post-thumbnail","6":"product_cat-loewe","7":"product_tag-unisex","9":"first","10":"instock","11":"shipping-taxable","12":"product-type-simple"},"_links":{"self":[{"href":"https:\/\/divainers.com\/lv\/wp-json\/wp\/v2\/product\/857","targetHints":{"allow":["GET"]}}],"collection":[{"href":"https:\/\/divainers.com\/lv\/wp-json\/wp\/v2\/product"}],"about":[{"href":"https:\/\/divainers.com\/lv\/wp-json\/wp\/v2\/types\/product"}],"replies":[{"embeddable":true,"href":"https:\/\/divainers.com\/lv\/wp-json\/wp\/v2\/comments?post=857"}],"wp:featuredmedia":[{"embeddable":true,"href":"https:\/\/divainers.com\/lv\/wp-json\/wp\/v2\/media\/3617"}],"wp:attachment":[{"href":"https:\/\/divainers.com\/lv\/wp-json\/wp\/v2\/media?parent=857"}],"wp:term":[{"taxonomy":"product_brand","embeddable":true,"href":"https:\/\/divainers.com\/lv\/wp-json\/wp\/v2\/product_brand?post=857"},{"taxonomy":"product_cat","embeddable":true,"href":"https:\/\/divainers.com\/lv\/wp-json\/wp\/v2\/product_cat?post=857"},{"taxonomy":"product_tag","embeddable":true,"href":"https:\/\/divainers.com\/lv\/wp-json\/wp\/v2\/product_tag?post=857"}],"curies":[{"name":"wp","href":"https:\/\/api.w.org\/{rel}","templated":true}]}}