{"id":8653,"date":"2025-01-31T08:33:38","date_gmt":"2025-01-31T07:33:38","guid":{"rendered":"https:\/\/divainers.com\/producto\/divain-659\/"},"modified":"2026-04-30T09:52:22","modified_gmt":"2026-04-30T07:52:22","slug":"divain-659","status":"publish","type":"product","link":"https:\/\/divainers.com\/lv\/producto\/divain-659\/","title":{"rendered":"divain.659"},"content":{"rendered":"<p>Arom\u0101ts, kas p\u0101rpl\u016bst ar sensualit\u0101ti un nosl\u0113pumain\u012bbu, ide\u0101ls sievietei, kura v\u0113las valdzin\u0101t ar unik\u0101lu arom\u0101ta p\u0113du. S\u0101kas ar aug\u013cainu un sul\u012bgu mais\u012bjumu, kur pl\u016bmju un ave\u0146u notis pie\u0161\u0137ir saldu svaigumu, ko pavada smalks ziedu piesk\u0101riens. Sirds piepild\u0101s ar smalku eksotisku ziedu akordu, piem\u0113ram, jasm\u012bnu, kas sniedz sievi\u0161\u0137\u012bgu un ap\u0146emjo\u0161u sensualit\u0101ti. Visbeidzot, pamata notis no sandalkoka un pi\u017ema rada siltu un zemes pamatni, atst\u0101jot maiguma un dzi\u013cuma saj\u016btu, kas ilgst.<\/p>\n","protected":false},"excerpt":{"rendered":"<p>Atg\u0101dina Forbidden no Victoria&#8217;s Secret<\/p>\n","protected":false},"featured_media":8649,"comment_status":"open","ping_status":"closed","template":"","meta":[],"product_brand":[],"product_cat":[1981],"product_tag":[1452],"class_list":{"0":"post-8653","1":"product","2":"type-product","3":"status-publish","4":"has-post-thumbnail","6":"product_cat-victorias-secret","7":"product_tag-sievietes","9":"first","10":"instock","11":"shipping-taxable","12":"product-type-simple"},"_links":{"self":[{"href":"https:\/\/divainers.com\/lv\/wp-json\/wp\/v2\/product\/8653","targetHints":{"allow":["GET"]}}],"collection":[{"href":"https:\/\/divainers.com\/lv\/wp-json\/wp\/v2\/product"}],"about":[{"href":"https:\/\/divainers.com\/lv\/wp-json\/wp\/v2\/types\/product"}],"replies":[{"embeddable":true,"href":"https:\/\/divainers.com\/lv\/wp-json\/wp\/v2\/comments?post=8653"}],"wp:featuredmedia":[{"embeddable":true,"href":"https:\/\/divainers.com\/lv\/wp-json\/wp\/v2\/media\/8649"}],"wp:attachment":[{"href":"https:\/\/divainers.com\/lv\/wp-json\/wp\/v2\/media?parent=8653"}],"wp:term":[{"taxonomy":"product_brand","embeddable":true,"href":"https:\/\/divainers.com\/lv\/wp-json\/wp\/v2\/product_brand?post=8653"},{"taxonomy":"product_cat","embeddable":true,"href":"https:\/\/divainers.com\/lv\/wp-json\/wp\/v2\/product_cat?post=8653"},{"taxonomy":"product_tag","embeddable":true,"href":"https:\/\/divainers.com\/lv\/wp-json\/wp\/v2\/product_tag?post=8653"}],"curies":[{"name":"wp","href":"https:\/\/api.w.org\/{rel}","templated":true}]}}