{"id":872,"date":"2025-01-31T08:32:56","date_gmt":"2025-01-31T07:32:56","guid":{"rendered":"https:\/\/divainers.com\/producto\/divain-561\/"},"modified":"2026-03-16T16:07:59","modified_gmt":"2026-03-16T15:07:59","slug":"divain-561","status":"publish","type":"product","link":"https:\/\/divainers.com\/lv\/producto\/divain-561\/","title":{"rendered":"divain.561"},"content":{"rendered":"<p>Un aroma dulce, encantador y misterioso que evoca una sensaci\u00f3n de fantas\u00eda y romance. Desde la apertura, una mezcla vibrante de hiedra, an\u00eds y cereza aporta una frescura afrutada y ligeramente especiada, que se convierte en un preludio fascinante. En su coraz\u00f3n, un bouquet floral de lirio de los valles y violeta se fusiona con un toque suave de heliotropo, creando una feminidad suave y envolvente. Finalmente, un fondo c\u00e1lido de almizcle, vainilla, caramelo y madera de s\u00e1ndalo deja una estela dulce y amaderada, que envuelve con una sensaci\u00f3n de misterio y seducci\u00f3n. Un perfume ideal para quienes buscan una fragancia floral, afrutada y gourmand, perfecta para quienes desean dejar una huella \u00fanica y m\u00e1gica con su presencia.<\/p>\n","protected":false},"excerpt":{"rendered":"<p>Recuerda a L de Lolita Lempicka de Lolita Lempicka<\/p>\n","protected":false},"featured_media":2960,"comment_status":"open","ping_status":"closed","template":"","meta":[],"product_brand":[],"product_cat":[648],"product_tag":[1440],"class_list":{"0":"post-872","1":"product","2":"type-product","3":"status-publish","4":"has-post-thumbnail","6":"product_cat-lolita-lempicka","7":"product_tag-mulheres","9":"first","10":"instock","11":"shipping-taxable","12":"product-type-simple"},"_links":{"self":[{"href":"https:\/\/divainers.com\/lv\/wp-json\/wp\/v2\/product\/872","targetHints":{"allow":["GET"]}}],"collection":[{"href":"https:\/\/divainers.com\/lv\/wp-json\/wp\/v2\/product"}],"about":[{"href":"https:\/\/divainers.com\/lv\/wp-json\/wp\/v2\/types\/product"}],"replies":[{"embeddable":true,"href":"https:\/\/divainers.com\/lv\/wp-json\/wp\/v2\/comments?post=872"}],"wp:featuredmedia":[{"embeddable":true,"href":"https:\/\/divainers.com\/lv\/wp-json\/wp\/v2\/media\/2960"}],"wp:attachment":[{"href":"https:\/\/divainers.com\/lv\/wp-json\/wp\/v2\/media?parent=872"}],"wp:term":[{"taxonomy":"product_brand","embeddable":true,"href":"https:\/\/divainers.com\/lv\/wp-json\/wp\/v2\/product_brand?post=872"},{"taxonomy":"product_cat","embeddable":true,"href":"https:\/\/divainers.com\/lv\/wp-json\/wp\/v2\/product_cat?post=872"},{"taxonomy":"product_tag","embeddable":true,"href":"https:\/\/divainers.com\/lv\/wp-json\/wp\/v2\/product_tag?post=872"}],"curies":[{"name":"wp","href":"https:\/\/api.w.org\/{rel}","templated":true}]}}