{"id":877,"date":"2025-01-31T08:32:56","date_gmt":"2025-01-31T07:32:56","guid":{"rendered":"https:\/\/divainers.com\/producto\/divain-387\/"},"modified":"2026-03-16T16:08:00","modified_gmt":"2026-03-16T15:08:00","slug":"divain-387","status":"publish","type":"product","link":"https:\/\/divainers.com\/lv\/producto\/divain-387\/","title":{"rendered":"divain.387"},"content":{"rendered":"<p>Una esencia rica e intensa donde el oud es el protagonista, acompa\u00f1ado de notas ahumadas y especiadas que evocan calidez y profundidad. Su car\u00e1cter ambarado y amaderado crea una estela envolvente, sofisticada y con un aire m\u00edstico<\/p>\n","protected":false},"excerpt":{"rendered":"<p>Recuerda a Ombre Nomade de Louis Vuitton<\/p>\n","protected":false},"featured_media":3392,"comment_status":"open","ping_status":"closed","template":"","meta":[],"product_brand":[],"product_cat":[651],"product_tag":[1412],"class_list":{"0":"post-877","1":"product","2":"type-product","3":"status-publish","4":"has-post-thumbnail","6":"product_cat-louis-vuitton","7":"product_tag-unisex","9":"first","10":"instock","11":"shipping-taxable","12":"product-type-simple"},"_links":{"self":[{"href":"https:\/\/divainers.com\/lv\/wp-json\/wp\/v2\/product\/877","targetHints":{"allow":["GET"]}}],"collection":[{"href":"https:\/\/divainers.com\/lv\/wp-json\/wp\/v2\/product"}],"about":[{"href":"https:\/\/divainers.com\/lv\/wp-json\/wp\/v2\/types\/product"}],"replies":[{"embeddable":true,"href":"https:\/\/divainers.com\/lv\/wp-json\/wp\/v2\/comments?post=877"}],"wp:featuredmedia":[{"embeddable":true,"href":"https:\/\/divainers.com\/lv\/wp-json\/wp\/v2\/media\/3392"}],"wp:attachment":[{"href":"https:\/\/divainers.com\/lv\/wp-json\/wp\/v2\/media?parent=877"}],"wp:term":[{"taxonomy":"product_brand","embeddable":true,"href":"https:\/\/divainers.com\/lv\/wp-json\/wp\/v2\/product_brand?post=877"},{"taxonomy":"product_cat","embeddable":true,"href":"https:\/\/divainers.com\/lv\/wp-json\/wp\/v2\/product_cat?post=877"},{"taxonomy":"product_tag","embeddable":true,"href":"https:\/\/divainers.com\/lv\/wp-json\/wp\/v2\/product_tag?post=877"}],"curies":[{"name":"wp","href":"https:\/\/api.w.org\/{rel}","templated":true}]}}