{"id":9184,"date":"2025-01-31T08:33:39","date_gmt":"2025-01-31T07:33:39","guid":{"rendered":"https:\/\/divainers.com\/producto\/divain-100\/"},"modified":"2026-04-30T09:54:40","modified_gmt":"2026-04-30T07:54:40","slug":"divain-100","status":"publish","type":"product","link":"https:\/\/divainers.com\/lv\/producto\/divain-100\/","title":{"rendered":"divain.100"},"content":{"rendered":"<p>T\u012bra un dabiska smar\u017ea, kas atsauc atmi\u0146\u0101 r\u012bta svaigumu un dabas maigumu. T\u0101s gai\u0161\u0101 atkl\u0101\u0161ana ar citrusaug\u013ciem un za\u013c\u0101m lap\u0101m sniedz atsvaidzino\u0161u un vieglu saj\u016btu. Sird\u012b ziedu pu\u0161\u0137is no jasm\u012bna, rozes un maijpu\u0137\u012btes ietver smar\u017eu ar maigu un elegantu sievi\u0161\u0137\u012bbu. Pamata not\u012bs pi\u017es un ciedra koks rada siltu un ap\u0146emjo\u0161u p\u0113du, kas ir ide\u0101la romantiskai, mier\u012bgai sievietei ar smalku \u0161armu, kas atst\u0101j iespaidu.<\/p>\n","protected":false},"excerpt":{"rendered":"<p>Atg\u0101dina Agua de Rocio no Victorio &#038; Lucchino<\/p>\n","protected":false},"featured_media":9179,"comment_status":"open","ping_status":"closed","template":"","meta":[],"product_brand":[],"product_cat":[2230],"product_tag":[1420],"class_list":{"0":"post-9184","1":"product","2":"type-product","3":"status-publish","4":"has-post-thumbnail","6":"product_cat-victorio-lucchino","7":"product_tag-frauen","9":"first","10":"instock","11":"shipping-taxable","12":"product-type-simple"},"_links":{"self":[{"href":"https:\/\/divainers.com\/lv\/wp-json\/wp\/v2\/product\/9184","targetHints":{"allow":["GET"]}}],"collection":[{"href":"https:\/\/divainers.com\/lv\/wp-json\/wp\/v2\/product"}],"about":[{"href":"https:\/\/divainers.com\/lv\/wp-json\/wp\/v2\/types\/product"}],"replies":[{"embeddable":true,"href":"https:\/\/divainers.com\/lv\/wp-json\/wp\/v2\/comments?post=9184"}],"wp:featuredmedia":[{"embeddable":true,"href":"https:\/\/divainers.com\/lv\/wp-json\/wp\/v2\/media\/9179"}],"wp:attachment":[{"href":"https:\/\/divainers.com\/lv\/wp-json\/wp\/v2\/media?parent=9184"}],"wp:term":[{"taxonomy":"product_brand","embeddable":true,"href":"https:\/\/divainers.com\/lv\/wp-json\/wp\/v2\/product_brand?post=9184"},{"taxonomy":"product_cat","embeddable":true,"href":"https:\/\/divainers.com\/lv\/wp-json\/wp\/v2\/product_cat?post=9184"},{"taxonomy":"product_tag","embeddable":true,"href":"https:\/\/divainers.com\/lv\/wp-json\/wp\/v2\/product_tag?post=9184"}],"curies":[{"name":"wp","href":"https:\/\/api.w.org\/{rel}","templated":true}]}}