{"id":9364,"date":"2025-08-29T08:51:38","date_gmt":"2025-08-29T06:51:38","guid":{"rendered":"https:\/\/divainers.com\/producto\/divain-1063\/"},"modified":"2026-04-30T09:55:08","modified_gmt":"2026-04-30T07:55:08","slug":"divain-1063","status":"publish","type":"product","link":"https:\/\/divainers.com\/lv\/producto\/divain-1063\/","title":{"rendered":"divain.1063"},"content":{"rendered":"<p>P\u0101rraida sul\u012bgu un gai\u0161u svaigumu ar smalku un elegantu raksturu, kas modina dz\u012bv\u012bgumu un prieku. Dz\u012bv\u012bga un izsmalcin\u0101ta smar\u017ea, ide\u0101li piem\u0113rota tiem, kas mekl\u0113 dzirksto\u0161u un dabisku piesk\u0101rienu sav\u0101 stil\u0101.<\/p>\n","protected":false},"excerpt":{"rendered":"<p>Atg\u0101dina Fragaria no Creed<\/p>\n","protected":false},"featured_media":4139,"comment_status":"open","ping_status":"closed","template":"","meta":[],"product_brand":[],"product_cat":[2275],"product_tag":[1444],"class_list":{"0":"post-9364","1":"product","2":"type-product","3":"status-publish","4":"has-post-thumbnail","6":"product_cat-creed","7":"product_tag-kvinner","9":"first","10":"instock","11":"shipping-taxable","12":"product-type-simple"},"_links":{"self":[{"href":"https:\/\/divainers.com\/lv\/wp-json\/wp\/v2\/product\/9364","targetHints":{"allow":["GET"]}}],"collection":[{"href":"https:\/\/divainers.com\/lv\/wp-json\/wp\/v2\/product"}],"about":[{"href":"https:\/\/divainers.com\/lv\/wp-json\/wp\/v2\/types\/product"}],"replies":[{"embeddable":true,"href":"https:\/\/divainers.com\/lv\/wp-json\/wp\/v2\/comments?post=9364"}],"wp:featuredmedia":[{"embeddable":true,"href":"https:\/\/divainers.com\/lv\/wp-json\/wp\/v2\/media\/4139"}],"wp:attachment":[{"href":"https:\/\/divainers.com\/lv\/wp-json\/wp\/v2\/media?parent=9364"}],"wp:term":[{"taxonomy":"product_brand","embeddable":true,"href":"https:\/\/divainers.com\/lv\/wp-json\/wp\/v2\/product_brand?post=9364"},{"taxonomy":"product_cat","embeddable":true,"href":"https:\/\/divainers.com\/lv\/wp-json\/wp\/v2\/product_cat?post=9364"},{"taxonomy":"product_tag","embeddable":true,"href":"https:\/\/divainers.com\/lv\/wp-json\/wp\/v2\/product_tag?post=9364"}],"curies":[{"name":"wp","href":"https:\/\/api.w.org\/{rel}","templated":true}]}}