{"id":9447,"date":"2025-01-31T08:32:10","date_gmt":"2025-01-31T07:32:10","guid":{"rendered":"https:\/\/divainers.com\/producto\/divain-935\/"},"modified":"2026-04-30T09:55:34","modified_gmt":"2026-04-30T07:55:34","slug":"divain-935","status":"publish","type":"product","link":"https:\/\/divainers.com\/lv\/producto\/divain-935\/","title":{"rendered":"divain.935"},"content":{"rendered":"<p>Dz\u012bv\u012bga un dzirksto\u0161a smar\u017ea, kas modina ma\u0146as ar svaiguma un ener\u0123ijas spr\u0101dzienu. No pa\u0161a s\u0101kuma apels\u012bna un citrona citrusaug\u013cu notis sajaucas ar mandar\u012bna piesk\u0101rienu, radot gaismas un dz\u012bv\u012bbas saj\u016btu, it k\u0101 saules stars spo\u017e\u0101 dien\u0101. Kad smar\u017ea att\u012bst\u0101s, maiga ziedu nianse ar jasm\u012bnu un roz\u0113m pie\u0161\u0137ir sievi\u0161\u0137\u012bgu smalkumu, bet silta muskusa un ciedra b\u0101ze nodro\u0161ina koksnes pamatu, kas l\u012bdzsvaro svaigumu un maigumu. \u0160\u012b smar\u017ea ir ide\u0101li piem\u0113rota tiem, kas mekl\u0113 atsvaidzino\u0161u un priec\u012bgu arom\u0101tisko pieredzi, atst\u0101jot vieglu, svaigu un dz\u012bv\u012bbas pilnu p\u0113du, ide\u0101lu br\u012bv\u012bbas un optimismu mirk\u013ciem.<\/p>\n","protected":false},"excerpt":{"rendered":"<p>Atg\u0101dina Chispas de Dana<\/p>\n","protected":false},"featured_media":3215,"comment_status":"open","ping_status":"closed","template":"","meta":[],"product_brand":[],"product_cat":[2330],"product_tag":[2331],"class_list":{"0":"post-9447","1":"product","2":"type-product","3":"status-publish","4":"has-post-thumbnail","6":"product_cat-dana","7":"product_tag-ninos-y-ninas","9":"first","10":"instock","11":"shipping-taxable","12":"product-type-simple"},"_links":{"self":[{"href":"https:\/\/divainers.com\/lv\/wp-json\/wp\/v2\/product\/9447","targetHints":{"allow":["GET"]}}],"collection":[{"href":"https:\/\/divainers.com\/lv\/wp-json\/wp\/v2\/product"}],"about":[{"href":"https:\/\/divainers.com\/lv\/wp-json\/wp\/v2\/types\/product"}],"replies":[{"embeddable":true,"href":"https:\/\/divainers.com\/lv\/wp-json\/wp\/v2\/comments?post=9447"}],"wp:featuredmedia":[{"embeddable":true,"href":"https:\/\/divainers.com\/lv\/wp-json\/wp\/v2\/media\/3215"}],"wp:attachment":[{"href":"https:\/\/divainers.com\/lv\/wp-json\/wp\/v2\/media?parent=9447"}],"wp:term":[{"taxonomy":"product_brand","embeddable":true,"href":"https:\/\/divainers.com\/lv\/wp-json\/wp\/v2\/product_brand?post=9447"},{"taxonomy":"product_cat","embeddable":true,"href":"https:\/\/divainers.com\/lv\/wp-json\/wp\/v2\/product_cat?post=9447"},{"taxonomy":"product_tag","embeddable":true,"href":"https:\/\/divainers.com\/lv\/wp-json\/wp\/v2\/product_tag?post=9447"}],"curies":[{"name":"wp","href":"https:\/\/api.w.org\/{rel}","templated":true}]}}