{"id":1019,"date":"2025-01-31T08:33:17","date_gmt":"2025-01-31T07:33:17","guid":{"rendered":"https:\/\/divainers.com\/producto\/divain-563\/"},"modified":"2026-03-16T16:08:13","modified_gmt":"2026-03-16T15:08:13","slug":"divain-563","status":"publish","type":"product","link":"https:\/\/divainers.com\/nl\/producto\/divain-563\/","title":{"rendered":"divain.563"},"content":{"rendered":"<p>Un aroma sofisticado y seductor que encapsula la esencia del lujo y la opulencia. Desde la apertura, una mezcla chispeante de mandarina y flor de azahar aporta frescura y un toque afrutado, creando una entrada vibrante y cautivadora. En su coraz\u00f3n, un delicioso bouquet floral de jazm\u00edn y la suavidad de la miel se combinan con un toque de cacao, creando una mezcla envolvente y dulce, pero con una elegancia irresistible. Finalmente, un fondo c\u00e1lido de madera de s\u00e1ndalo, vainilla y pachul\u00ed deja una estela profunda, sensual y duradera. Un perfume ideal para quienes buscan una fragancia floral, ambarina y dulce, perfecta para ocasiones especiales o noches en las que se desea dejar una huella seductora y memorable.<\/p>\n","protected":false},"excerpt":{"rendered":"<p>Recuerda a Lady million prive de Paco Rabanne<\/p>\n","protected":false},"featured_media":2963,"comment_status":"open","ping_status":"closed","template":"","meta":[],"product_brand":[],"product_cat":[802],"product_tag":[1434],"class_list":{"0":"post-1019","1":"product","2":"type-product","3":"status-publish","4":"has-post-thumbnail","6":"product_cat-paco-rabanne","7":"product_tag-zene","9":"first","10":"instock","11":"shipping-taxable","12":"product-type-simple"},"_links":{"self":[{"href":"https:\/\/divainers.com\/nl\/wp-json\/wp\/v2\/product\/1019","targetHints":{"allow":["GET"]}}],"collection":[{"href":"https:\/\/divainers.com\/nl\/wp-json\/wp\/v2\/product"}],"about":[{"href":"https:\/\/divainers.com\/nl\/wp-json\/wp\/v2\/types\/product"}],"replies":[{"embeddable":true,"href":"https:\/\/divainers.com\/nl\/wp-json\/wp\/v2\/comments?post=1019"}],"wp:featuredmedia":[{"embeddable":true,"href":"https:\/\/divainers.com\/nl\/wp-json\/wp\/v2\/media\/2963"}],"wp:attachment":[{"href":"https:\/\/divainers.com\/nl\/wp-json\/wp\/v2\/media?parent=1019"}],"wp:term":[{"taxonomy":"product_brand","embeddable":true,"href":"https:\/\/divainers.com\/nl\/wp-json\/wp\/v2\/product_brand?post=1019"},{"taxonomy":"product_cat","embeddable":true,"href":"https:\/\/divainers.com\/nl\/wp-json\/wp\/v2\/product_cat?post=1019"},{"taxonomy":"product_tag","embeddable":true,"href":"https:\/\/divainers.com\/nl\/wp-json\/wp\/v2\/product_tag?post=1019"}],"curies":[{"name":"wp","href":"https:\/\/api.w.org\/{rel}","templated":true}]}}