{"id":1032,"date":"2025-01-31T08:33:18","date_gmt":"2025-01-31T07:33:18","guid":{"rendered":"https:\/\/divainers.com\/producto\/divain-365\/"},"modified":"2026-03-16T16:08:15","modified_gmt":"2026-03-16T15:08:15","slug":"divain-365","status":"publish","type":"product","link":"https:\/\/divainers.com\/nl\/producto\/divain-365\/","title":{"rendered":"divain.365"},"content":{"rendered":"<p>Una fragancia refinada y equilibrada que combina la frescura de los c\u00edtricos con un coraz\u00f3n arom\u00e1tico de lavanda y menta. La base de especias suaves, \u00e1mbar y maderas le aporta un car\u00e1cter cl\u00e1sico y vers\u00e1til, ideal para quienes buscan un aroma elegante con un toque atemporal y sofisticado.<\/p>\n","protected":false},"excerpt":{"rendered":"<p>Recuerda a Darley de Parfums de Marly<\/p>\n","protected":false},"featured_media":4429,"comment_status":"open","ping_status":"closed","template":"","meta":[],"product_brand":[],"product_cat":[831],"product_tag":[25],"class_list":{"0":"post-1032","1":"product","2":"type-product","3":"status-publish","4":"has-post-thumbnail","6":"product_cat-parfums-de-marly","7":"product_tag-hombre","9":"first","10":"instock","11":"shipping-taxable","12":"product-type-simple"},"_links":{"self":[{"href":"https:\/\/divainers.com\/nl\/wp-json\/wp\/v2\/product\/1032","targetHints":{"allow":["GET"]}}],"collection":[{"href":"https:\/\/divainers.com\/nl\/wp-json\/wp\/v2\/product"}],"about":[{"href":"https:\/\/divainers.com\/nl\/wp-json\/wp\/v2\/types\/product"}],"replies":[{"embeddable":true,"href":"https:\/\/divainers.com\/nl\/wp-json\/wp\/v2\/comments?post=1032"}],"wp:featuredmedia":[{"embeddable":true,"href":"https:\/\/divainers.com\/nl\/wp-json\/wp\/v2\/media\/4429"}],"wp:attachment":[{"href":"https:\/\/divainers.com\/nl\/wp-json\/wp\/v2\/media?parent=1032"}],"wp:term":[{"taxonomy":"product_brand","embeddable":true,"href":"https:\/\/divainers.com\/nl\/wp-json\/wp\/v2\/product_brand?post=1032"},{"taxonomy":"product_cat","embeddable":true,"href":"https:\/\/divainers.com\/nl\/wp-json\/wp\/v2\/product_cat?post=1032"},{"taxonomy":"product_tag","embeddable":true,"href":"https:\/\/divainers.com\/nl\/wp-json\/wp\/v2\/product_tag?post=1032"}],"curies":[{"name":"wp","href":"https:\/\/api.w.org\/{rel}","templated":true}]}}