{"id":1100,"date":"2025-01-31T08:33:26","date_gmt":"2025-01-31T07:33:26","guid":{"rendered":"https:\/\/divainers.com\/producto\/divain-732\/"},"modified":"2026-03-16T16:08:20","modified_gmt":"2026-03-16T15:08:20","slug":"divain-732","status":"publish","type":"product","link":"https:\/\/divainers.com\/nl\/producto\/divain-732\/","title":{"rendered":"divain.732"},"content":{"rendered":"<p>Es una fragancia fresca, floral y amaderada que combina notas delicadas con una sofisticaci\u00f3n sutil. La composici\u00f3n comienza con un toque afrutado y fresco de c\u00edtricos y pepino, seguido de un coraz\u00f3n floral de flor de cerezo y lirio, que le otorgan una sensaci\u00f3n ligera y elegante. Su base amaderada de cedro, s\u00e1ndalo y \u00e1mbar aporta profundidad y calidez, creando un perfume que es fresco pero a la vez complejo. Es ideal para quienes buscan una fragancia que transmita serenidad y feminidad, perfecta para el d\u00eda a d\u00eda o ocasiones especiales.<\/p>\n","protected":false},"excerpt":{"rendered":"<p>Recuerda a Ginza de Shiseido<\/p>\n","protected":false},"featured_media":3050,"comment_status":"open","ping_status":"closed","template":"","meta":[],"product_brand":[],"product_cat":[913],"product_tag":[38],"class_list":{"0":"post-1100","1":"product","2":"type-product","3":"status-publish","4":"has-post-thumbnail","6":"product_cat-shiseido","7":"product_tag-mujer","9":"first","10":"instock","11":"shipping-taxable","12":"product-type-simple"},"_links":{"self":[{"href":"https:\/\/divainers.com\/nl\/wp-json\/wp\/v2\/product\/1100","targetHints":{"allow":["GET"]}}],"collection":[{"href":"https:\/\/divainers.com\/nl\/wp-json\/wp\/v2\/product"}],"about":[{"href":"https:\/\/divainers.com\/nl\/wp-json\/wp\/v2\/types\/product"}],"replies":[{"embeddable":true,"href":"https:\/\/divainers.com\/nl\/wp-json\/wp\/v2\/comments?post=1100"}],"wp:featuredmedia":[{"embeddable":true,"href":"https:\/\/divainers.com\/nl\/wp-json\/wp\/v2\/media\/3050"}],"wp:attachment":[{"href":"https:\/\/divainers.com\/nl\/wp-json\/wp\/v2\/media?parent=1100"}],"wp:term":[{"taxonomy":"product_brand","embeddable":true,"href":"https:\/\/divainers.com\/nl\/wp-json\/wp\/v2\/product_brand?post=1100"},{"taxonomy":"product_cat","embeddable":true,"href":"https:\/\/divainers.com\/nl\/wp-json\/wp\/v2\/product_cat?post=1100"},{"taxonomy":"product_tag","embeddable":true,"href":"https:\/\/divainers.com\/nl\/wp-json\/wp\/v2\/product_tag?post=1100"}],"curies":[{"name":"wp","href":"https:\/\/api.w.org\/{rel}","templated":true}]}}