{"id":1157,"date":"2025-01-31T08:33:32","date_gmt":"2025-01-31T07:33:32","guid":{"rendered":"https:\/\/divainers.com\/producto\/divain-769\/"},"modified":"2026-04-30T16:13:27","modified_gmt":"2026-04-30T14:13:27","slug":"divain-769","status":"publish","type":"product","link":"https:\/\/divainers.com\/nl\/producto\/divain-769\/","title":{"rendered":"divain.769"},"content":{"rendered":"<p>Ova cvjetno-mu\u0161katna mirisna nota zapo\u010dinje svje\u017eim i za\u010dinjenim otvaranjem, gdje se bergamot i papar spajaju s nje\u017eno\u0161\u0107u ylang-ylanga, stvaraju\u0107i \u017eivahan i \u017eenstven uvod. U srcu, jasmin, ljiljan doline i cvijet \u0161afrana donose slo\u017eenu cvjetnu bogatost, dok tonka grah i benzoe dodaju toplu i ugodnu slatko\u0107u. Osnova kompozicije po\u010diva na notama p\u010delinjeg voska i mo\u0161usa, nude\u0107i senzualnu dubinu i obavijaju\u0107i trag koji traje na ko\u017ei. Ovaj miris, s prirodnim i odr\u017eivim sastojcima, slavi modernu \u017eenstvenost mje\u0161avinom svje\u017eine, topline i sofisticiranosti.<\/p>\n","protected":false},"excerpt":{"rendered":"<p>Podsje\u0107a na Musk Pure od Tom Ford<\/p>\n","protected":false},"featured_media":15726,"comment_status":"open","ping_status":"closed","template":"","meta":[],"product_brand":[],"product_cat":[4254],"product_tag":[38],"class_list":{"0":"post-1157","1":"product","2":"type-product","3":"status-publish","4":"has-post-thumbnail","6":"product_cat-tom-ford","7":"product_tag-mujer","9":"first","10":"instock","11":"shipping-taxable","12":"product-type-simple"},"_links":{"self":[{"href":"https:\/\/divainers.com\/nl\/wp-json\/wp\/v2\/product\/1157","targetHints":{"allow":["GET"]}}],"collection":[{"href":"https:\/\/divainers.com\/nl\/wp-json\/wp\/v2\/product"}],"about":[{"href":"https:\/\/divainers.com\/nl\/wp-json\/wp\/v2\/types\/product"}],"replies":[{"embeddable":true,"href":"https:\/\/divainers.com\/nl\/wp-json\/wp\/v2\/comments?post=1157"}],"wp:featuredmedia":[{"embeddable":true,"href":"https:\/\/divainers.com\/nl\/wp-json\/wp\/v2\/media\/15726"}],"wp:attachment":[{"href":"https:\/\/divainers.com\/nl\/wp-json\/wp\/v2\/media?parent=1157"}],"wp:term":[{"taxonomy":"product_brand","embeddable":true,"href":"https:\/\/divainers.com\/nl\/wp-json\/wp\/v2\/product_brand?post=1157"},{"taxonomy":"product_cat","embeddable":true,"href":"https:\/\/divainers.com\/nl\/wp-json\/wp\/v2\/product_cat?post=1157"},{"taxonomy":"product_tag","embeddable":true,"href":"https:\/\/divainers.com\/nl\/wp-json\/wp\/v2\/product_tag?post=1157"}],"curies":[{"name":"wp","href":"https:\/\/api.w.org\/{rel}","templated":true}]}}