{"id":1182,"date":"2025-01-31T08:33:36","date_gmt":"2025-01-31T07:33:36","guid":{"rendered":"https:\/\/divainers.com\/producto\/divain-624\/"},"modified":"2026-04-30T16:10:40","modified_gmt":"2026-04-30T14:10:40","slug":"divain-624","status":"publish","type":"product","link":"https:\/\/divainers.com\/nl\/producto\/divain-624\/","title":{"rendered":"divain.624"},"content":{"rendered":"<p>Odva\u017ean, moderan i zavodljiv miris koji odra\u017eava \u017eivahni duh grada Rima. Od samog po\u010detka, svje\u017eina jasmina mije\u0161a se s vo\u0107nim dodirom crne ribizle, stvaraju\u0107i svijetao i energi\u010dan dojam. U srcu, elegancija jasminovog cvijeta isprepli\u0107e se s toplim notama guajak drveta, donose\u0107i sofisticiranu i duboku ravnote\u017eu. Baza od vanilije i mo\u0161usa dodaje kremastu i obavijaju\u0107u meko\u0107u, ostavljaju\u0107i zavodljiv i profinjen trag.<\/p>\n<p>Idealni parfem za one koji tra\u017ee cvjetni i drvenasti miris s vo\u0107nim dodirom koji priziva luksuz i samopouzdanje, savr\u0161en za posebne trenutke ili kada \u017eelite istaknuti se jedinstvenim i modernim mirisom.<\/p>\n","protected":false},"excerpt":{"rendered":"<p>Podsje\u0107a na Born in Roma od Valentino<\/p>\n","protected":false},"featured_media":15599,"comment_status":"open","ping_status":"closed","template":"","meta":[],"product_brand":[],"product_cat":[4554],"product_tag":[1434],"class_list":{"0":"post-1182","1":"product","2":"type-product","3":"status-publish","4":"has-post-thumbnail","6":"product_cat-valentino","7":"product_tag-zene","9":"first","10":"instock","11":"shipping-taxable","12":"product-type-simple"},"_links":{"self":[{"href":"https:\/\/divainers.com\/nl\/wp-json\/wp\/v2\/product\/1182","targetHints":{"allow":["GET"]}}],"collection":[{"href":"https:\/\/divainers.com\/nl\/wp-json\/wp\/v2\/product"}],"about":[{"href":"https:\/\/divainers.com\/nl\/wp-json\/wp\/v2\/types\/product"}],"replies":[{"embeddable":true,"href":"https:\/\/divainers.com\/nl\/wp-json\/wp\/v2\/comments?post=1182"}],"wp:featuredmedia":[{"embeddable":true,"href":"https:\/\/divainers.com\/nl\/wp-json\/wp\/v2\/media\/15599"}],"wp:attachment":[{"href":"https:\/\/divainers.com\/nl\/wp-json\/wp\/v2\/media?parent=1182"}],"wp:term":[{"taxonomy":"product_brand","embeddable":true,"href":"https:\/\/divainers.com\/nl\/wp-json\/wp\/v2\/product_brand?post=1182"},{"taxonomy":"product_cat","embeddable":true,"href":"https:\/\/divainers.com\/nl\/wp-json\/wp\/v2\/product_cat?post=1182"},{"taxonomy":"product_tag","embeddable":true,"href":"https:\/\/divainers.com\/nl\/wp-json\/wp\/v2\/product_tag?post=1182"}],"curies":[{"name":"wp","href":"https:\/\/api.w.org\/{rel}","templated":true}]}}