{"id":1207,"date":"2025-01-31T08:33:40","date_gmt":"2025-01-31T07:33:40","guid":{"rendered":"https:\/\/divainers.com\/producto\/divain-731\/"},"modified":"2026-04-30T16:12:42","modified_gmt":"2026-04-30T14:12:42","slug":"divain-731","status":"publish","type":"product","link":"https:\/\/divainers.com\/nl\/producto\/divain-731\/","title":{"rendered":"divain.731"},"content":{"rendered":"<p>To je rasko\u0161an, slo\u017een i sofisticiran miris koji se isti\u010de svojom elegancijom i karakterom. Kompozicija se otvara svje\u017eom i vo\u0107nom mje\u0161avinom bergamota i crvenog vo\u0107a, u kombinaciji s za\u010dinskim dodirom ru\u017ei\u010dastog papra. Njegovo cvjetno srce od bugarske ru\u017ee, jasmina i irisa spaja se s drvenastom bazom sandalovine, vetivera i jantara, koja parfemu daje toplinu i dubinu. To je miris koji priziva luksuz i profinjenost, idealan za one koji tra\u017ee obavijaju\u0107i i dugotrajan parfem, koji se isti\u010de i u posebnim trenucima i u svakodnevnom \u017eivotu.<\/p>\n","protected":false},"excerpt":{"rendered":"<p>Podsje\u0107a na More Than Words od Xerjoff<\/p>\n","protected":false},"featured_media":15691,"comment_status":"open","ping_status":"closed","template":"","meta":[],"product_brand":[],"product_cat":[2970],"product_tag":[1389],"class_list":{"0":"post-1207","1":"product","2":"type-product","3":"status-publish","4":"has-post-thumbnail","6":"product_cat-xerjoff","7":"product_tag-unisex","9":"first","10":"instock","11":"shipping-taxable","12":"product-type-simple"},"_links":{"self":[{"href":"https:\/\/divainers.com\/nl\/wp-json\/wp\/v2\/product\/1207","targetHints":{"allow":["GET"]}}],"collection":[{"href":"https:\/\/divainers.com\/nl\/wp-json\/wp\/v2\/product"}],"about":[{"href":"https:\/\/divainers.com\/nl\/wp-json\/wp\/v2\/types\/product"}],"replies":[{"embeddable":true,"href":"https:\/\/divainers.com\/nl\/wp-json\/wp\/v2\/comments?post=1207"}],"wp:featuredmedia":[{"embeddable":true,"href":"https:\/\/divainers.com\/nl\/wp-json\/wp\/v2\/media\/15691"}],"wp:attachment":[{"href":"https:\/\/divainers.com\/nl\/wp-json\/wp\/v2\/media?parent=1207"}],"wp:term":[{"taxonomy":"product_brand","embeddable":true,"href":"https:\/\/divainers.com\/nl\/wp-json\/wp\/v2\/product_brand?post=1207"},{"taxonomy":"product_cat","embeddable":true,"href":"https:\/\/divainers.com\/nl\/wp-json\/wp\/v2\/product_cat?post=1207"},{"taxonomy":"product_tag","embeddable":true,"href":"https:\/\/divainers.com\/nl\/wp-json\/wp\/v2\/product_tag?post=1207"}],"curies":[{"name":"wp","href":"https:\/\/api.w.org\/{rel}","templated":true}]}}