{"id":1230,"date":"2025-01-31T08:33:43","date_gmt":"2025-01-31T07:33:43","guid":{"rendered":"https:\/\/divainers.com\/producto\/divain-883\/"},"modified":"2026-04-30T16:15:08","modified_gmt":"2026-04-30T14:15:08","slug":"divain-883","status":"publish","type":"product","link":"https:\/\/divainers.com\/nl\/producto\/divain-883\/","title":{"rendered":"divain.883"},"content":{"rendered":"<p>Zamislite miris koji spaja svje\u017einu tre\u0161nje i zelene mandarine sa slatko\u0107om madagaskarske vanilije i toplinom kave, stvaraju\u0107i so\u010dan i energi\u010dan po\u010detak. U srcu, cvjetne note jasmina, cvijeta naran\u010de i crnog \u010daja donose cvjetnu sofisticiranost koja se stapa s bazom indonezijskog pa\u010dulija, nude\u0107i zemljanu i egzoti\u010dnu dubinu. Ova kompozicija pru\u017ea obavijaju\u0107e i moderno mirisno iskustvo, savr\u0161eno za one koji tra\u017ee miris koji savr\u0161eno spaja vo\u0107ne, cvjetne i gurmanske note.<\/p>\n","protected":false},"excerpt":{"rendered":"<p>Podsje\u0107a na Black Opium Over Red od Yves Saint Laurent<\/p>\n","protected":false},"featured_media":15824,"comment_status":"open","ping_status":"closed","template":"","meta":[],"product_brand":[],"product_cat":[2247],"product_tag":[38],"class_list":{"0":"post-1230","1":"product","2":"type-product","3":"status-publish","4":"has-post-thumbnail","6":"product_cat-yves-saint-laurent","7":"product_tag-mujer","9":"first","10":"instock","11":"shipping-taxable","12":"product-type-simple"},"_links":{"self":[{"href":"https:\/\/divainers.com\/nl\/wp-json\/wp\/v2\/product\/1230","targetHints":{"allow":["GET"]}}],"collection":[{"href":"https:\/\/divainers.com\/nl\/wp-json\/wp\/v2\/product"}],"about":[{"href":"https:\/\/divainers.com\/nl\/wp-json\/wp\/v2\/types\/product"}],"replies":[{"embeddable":true,"href":"https:\/\/divainers.com\/nl\/wp-json\/wp\/v2\/comments?post=1230"}],"wp:featuredmedia":[{"embeddable":true,"href":"https:\/\/divainers.com\/nl\/wp-json\/wp\/v2\/media\/15824"}],"wp:attachment":[{"href":"https:\/\/divainers.com\/nl\/wp-json\/wp\/v2\/media?parent=1230"}],"wp:term":[{"taxonomy":"product_brand","embeddable":true,"href":"https:\/\/divainers.com\/nl\/wp-json\/wp\/v2\/product_brand?post=1230"},{"taxonomy":"product_cat","embeddable":true,"href":"https:\/\/divainers.com\/nl\/wp-json\/wp\/v2\/product_cat?post=1230"},{"taxonomy":"product_tag","embeddable":true,"href":"https:\/\/divainers.com\/nl\/wp-json\/wp\/v2\/product_tag?post=1230"}],"curies":[{"name":"wp","href":"https:\/\/api.w.org\/{rel}","templated":true}]}}