{"id":336,"date":"2025-01-31T08:31:51","date_gmt":"2025-01-31T07:31:51","guid":{"rendered":"https:\/\/divainers.com\/producto\/divain-519\/"},"modified":"2026-04-30T16:20:30","modified_gmt":"2026-04-30T14:20:30","slug":"divain-519","status":"publish","type":"product","link":"https:\/\/divainers.com\/nl\/producto\/divain-519\/","title":{"rendered":"divain.519"},"content":{"rendered":"<p>Majest\u00e1tn\u00ed a bohat\u00e1 v\u016fn\u011b, kter\u00e1 obklopuje poko\u017eku nad\u010dasovou eleganc\u00ed a nezam\u011bnitelnou stopou. Od prvn\u00edho n\u00e1dechu z\u00e1\u0159iv\u00e9 t\u00f3ny kadidla, r\u016f\u017ee a lili\u00ed \u00fadol\u00ed vytv\u00e1\u0159ej\u00ed jemnou a \u00e9terickou sv\u011b\u017eest. V srdci luxusn\u00ed kytice myrhy, jasm\u00ednu a ko\u0159ene lilie p\u0159in\u00e1\u0161\u00ed hloubku a sofistikovanost s tepl\u00fdm, obaluj\u00edc\u00edm zlatav\u00fdm n\u00e1dechem. Nakonec intenzivn\u00ed z\u00e1klad z jantaru, pi\u017ema a cedrov\u00e9ho d\u0159eva zanech\u00e1v\u00e1 kr\u00e9movou, sv\u016fdnou a majest\u00e1tn\u00ed stopu. Ikonick\u00e1 a bohat\u00e1 v\u016fn\u011b, ide\u00e1ln\u00ed pro ty, kte\u0159\u00ed hledaj\u00ed plnou, obklopuj\u00edc\u00ed v\u016fni s aurou \u010dist\u00e9ho luxusu.<\/p>\n","protected":false},"excerpt":{"rendered":"<p>P\u0159ipom\u00edn\u00e1 Amouage Gold od Amouage<\/p>\n","protected":false},"featured_media":15915,"comment_status":"open","ping_status":"closed","template":"","meta":[],"product_brand":[],"product_cat":[1553],"product_tag":[1430],"class_list":{"0":"post-336","1":"product","2":"type-product","3":"status-publish","4":"has-post-thumbnail","6":"product_cat-amouage","7":"product_tag-zeny","9":"first","10":"instock","11":"shipping-taxable","12":"product-type-simple"},"_links":{"self":[{"href":"https:\/\/divainers.com\/nl\/wp-json\/wp\/v2\/product\/336","targetHints":{"allow":["GET"]}}],"collection":[{"href":"https:\/\/divainers.com\/nl\/wp-json\/wp\/v2\/product"}],"about":[{"href":"https:\/\/divainers.com\/nl\/wp-json\/wp\/v2\/types\/product"}],"replies":[{"embeddable":true,"href":"https:\/\/divainers.com\/nl\/wp-json\/wp\/v2\/comments?post=336"}],"wp:featuredmedia":[{"embeddable":true,"href":"https:\/\/divainers.com\/nl\/wp-json\/wp\/v2\/media\/15915"}],"wp:attachment":[{"href":"https:\/\/divainers.com\/nl\/wp-json\/wp\/v2\/media?parent=336"}],"wp:term":[{"taxonomy":"product_brand","embeddable":true,"href":"https:\/\/divainers.com\/nl\/wp-json\/wp\/v2\/product_brand?post=336"},{"taxonomy":"product_cat","embeddable":true,"href":"https:\/\/divainers.com\/nl\/wp-json\/wp\/v2\/product_cat?post=336"},{"taxonomy":"product_tag","embeddable":true,"href":"https:\/\/divainers.com\/nl\/wp-json\/wp\/v2\/product_tag?post=336"}],"curies":[{"name":"wp","href":"https:\/\/api.w.org\/{rel}","templated":true}]}}