{"id":4166,"date":"2025-09-03T15:07:43","date_gmt":"2025-09-03T13:07:43","guid":{"rendered":"https:\/\/divainers.com\/?post_type=product&#038;p=4166"},"modified":"2026-03-16T16:08:39","modified_gmt":"2026-03-16T15:08:39","slug":"divain-1300","status":"publish","type":"product","link":"https:\/\/divainers.com\/nl\/producto\/divain-1300\/","title":{"rendered":"divain.1300"},"content":{"rendered":"<p>Desprende una intensidad carism\u00e1tica y seductora, con un car\u00e1cter profundo y magn\u00e9tico que transmite seguridad. Una fragancia audaz y sofisticada, ideal para quienes desean dejar una huella duradera y llena de fuerza.<\/p>\n","protected":false},"excerpt":{"rendered":"<p>Recuerda a Forever Wanted Elixir de Azzaro<\/p>\n","protected":false},"featured_media":4167,"comment_status":"open","ping_status":"closed","template":"","meta":[],"product_brand":[],"product_cat":[61],"product_tag":[],"class_list":{"0":"post-4166","1":"product","2":"type-product","3":"status-publish","4":"has-post-thumbnail","6":"product_cat-azzaro","8":"first","9":"instock","10":"shipping-taxable","11":"product-type-simple"},"_links":{"self":[{"href":"https:\/\/divainers.com\/nl\/wp-json\/wp\/v2\/product\/4166","targetHints":{"allow":["GET"]}}],"collection":[{"href":"https:\/\/divainers.com\/nl\/wp-json\/wp\/v2\/product"}],"about":[{"href":"https:\/\/divainers.com\/nl\/wp-json\/wp\/v2\/types\/product"}],"replies":[{"embeddable":true,"href":"https:\/\/divainers.com\/nl\/wp-json\/wp\/v2\/comments?post=4166"}],"wp:featuredmedia":[{"embeddable":true,"href":"https:\/\/divainers.com\/nl\/wp-json\/wp\/v2\/media\/4167"}],"wp:attachment":[{"href":"https:\/\/divainers.com\/nl\/wp-json\/wp\/v2\/media?parent=4166"}],"wp:term":[{"taxonomy":"product_brand","embeddable":true,"href":"https:\/\/divainers.com\/nl\/wp-json\/wp\/v2\/product_brand?post=4166"},{"taxonomy":"product_cat","embeddable":true,"href":"https:\/\/divainers.com\/nl\/wp-json\/wp\/v2\/product_cat?post=4166"},{"taxonomy":"product_tag","embeddable":true,"href":"https:\/\/divainers.com\/nl\/wp-json\/wp\/v2\/product_tag?post=4166"}],"curies":[{"name":"wp","href":"https:\/\/api.w.org\/{rel}","templated":true}]}}