{"id":581,"date":"2025-01-31T08:32:20","date_gmt":"2025-01-31T07:32:20","guid":{"rendered":"https:\/\/divainers.com\/producto\/divain-087\/"},"modified":"2026-03-16T16:07:33","modified_gmt":"2026-03-16T15:07:33","slug":"divain-087","status":"publish","type":"product","link":"https:\/\/divainers.com\/nl\/producto\/divain-087\/","title":{"rendered":"divain.087"},"content":{"rendered":"<p>Un aroma rom\u00e1ntico y luminoso que envuelve los sentidos con su feminidad delicada y sofisticada. Su apertura chispeante de pomelo rosa, grosella negra y mandarina aporta una frescura afrutada y vibrante. En el coraz\u00f3n, la rosa, la peon\u00eda y el lirio de los valles crean un bouquet floral elegante y envolvente. En el fondo, el almizcle, el \u00e1mbar y la vainilla dejan una estela c\u00e1lida y sensual, perfecta para la mujer dulce, sofisticada y con un encanto irresistible.<\/p>\n","protected":false},"excerpt":{"rendered":"<p>Recuerda a Rose The One de Dolce &amp; Gabbana<\/p>\n","protected":false},"featured_media":3453,"comment_status":"open","ping_status":"closed","template":"","meta":[],"product_brand":[],"product_cat":[1489],"product_tag":[1424],"class_list":{"0":"post-581","1":"product","2":"type-product","3":"status-publish","4":"has-post-thumbnail","6":"product_cat-dolce-gabbana","7":"product_tag-femmes","9":"first","10":"instock","11":"shipping-taxable","12":"product-type-simple"},"_links":{"self":[{"href":"https:\/\/divainers.com\/nl\/wp-json\/wp\/v2\/product\/581","targetHints":{"allow":["GET"]}}],"collection":[{"href":"https:\/\/divainers.com\/nl\/wp-json\/wp\/v2\/product"}],"about":[{"href":"https:\/\/divainers.com\/nl\/wp-json\/wp\/v2\/types\/product"}],"replies":[{"embeddable":true,"href":"https:\/\/divainers.com\/nl\/wp-json\/wp\/v2\/comments?post=581"}],"wp:featuredmedia":[{"embeddable":true,"href":"https:\/\/divainers.com\/nl\/wp-json\/wp\/v2\/media\/3453"}],"wp:attachment":[{"href":"https:\/\/divainers.com\/nl\/wp-json\/wp\/v2\/media?parent=581"}],"wp:term":[{"taxonomy":"product_brand","embeddable":true,"href":"https:\/\/divainers.com\/nl\/wp-json\/wp\/v2\/product_brand?post=581"},{"taxonomy":"product_cat","embeddable":true,"href":"https:\/\/divainers.com\/nl\/wp-json\/wp\/v2\/product_cat?post=581"},{"taxonomy":"product_tag","embeddable":true,"href":"https:\/\/divainers.com\/nl\/wp-json\/wp\/v2\/product_tag?post=581"}],"curies":[{"name":"wp","href":"https:\/\/api.w.org\/{rel}","templated":true}]}}