{"id":675,"date":"2025-01-31T08:32:32","date_gmt":"2025-01-31T07:32:32","guid":{"rendered":"https:\/\/divainers.com\/producto\/divain-566\/"},"modified":"2026-03-16T16:07:41","modified_gmt":"2026-03-16T15:07:41","slug":"divain-566","status":"publish","type":"product","link":"https:\/\/divainers.com\/nl\/producto\/divain-566\/","title":{"rendered":"divain.566"},"content":{"rendered":"<p>Un aroma elegante y refinado que evoca la frescura y la sofisticaci\u00f3n moderna. Desde la apertura, una mezcla de c\u00edtricos como la bergamota y la flor de azahar crea una frescura luminosa y energ\u00e9tica. En su coraz\u00f3n, una combinaci\u00f3n floral de lirio, jazm\u00edn y ylang-ylang aporta una feminidad suave y delicada, mientras que las notas verdes de bamb\u00fa y madera de s\u00e1ndalo a\u00f1aden una base amaderada y fresca, transmitiendo una sensaci\u00f3n de pureza y modernidad. Finalmente, un toque sutil de almizcle crea una estela suave y duradera. Un perfume ideal para quienes buscan una fragancia floral, fresca y amaderada, perfecta para el d\u00eda a d\u00eda o para aquellos momentos en los que se desea proyectar elegancia y serenidad.<\/p>\n","protected":false},"excerpt":{"rendered":"<p>Recuerda a Bamboo de Gucci<\/p>\n","protected":false},"featured_media":2965,"comment_status":"open","ping_status":"closed","template":"","meta":[],"product_brand":[],"product_cat":[426],"product_tag":[38],"class_list":{"0":"post-675","1":"product","2":"type-product","3":"status-publish","4":"has-post-thumbnail","6":"product_cat-gucci","7":"product_tag-mujer","9":"first","10":"instock","11":"shipping-taxable","12":"product-type-simple"},"_links":{"self":[{"href":"https:\/\/divainers.com\/nl\/wp-json\/wp\/v2\/product\/675","targetHints":{"allow":["GET"]}}],"collection":[{"href":"https:\/\/divainers.com\/nl\/wp-json\/wp\/v2\/product"}],"about":[{"href":"https:\/\/divainers.com\/nl\/wp-json\/wp\/v2\/types\/product"}],"replies":[{"embeddable":true,"href":"https:\/\/divainers.com\/nl\/wp-json\/wp\/v2\/comments?post=675"}],"wp:featuredmedia":[{"embeddable":true,"href":"https:\/\/divainers.com\/nl\/wp-json\/wp\/v2\/media\/2965"}],"wp:attachment":[{"href":"https:\/\/divainers.com\/nl\/wp-json\/wp\/v2\/media?parent=675"}],"wp:term":[{"taxonomy":"product_brand","embeddable":true,"href":"https:\/\/divainers.com\/nl\/wp-json\/wp\/v2\/product_brand?post=675"},{"taxonomy":"product_cat","embeddable":true,"href":"https:\/\/divainers.com\/nl\/wp-json\/wp\/v2\/product_cat?post=675"},{"taxonomy":"product_tag","embeddable":true,"href":"https:\/\/divainers.com\/nl\/wp-json\/wp\/v2\/product_tag?post=675"}],"curies":[{"name":"wp","href":"https:\/\/api.w.org\/{rel}","templated":true}]}}