{"id":809,"date":"2025-01-31T08:32:48","date_gmt":"2025-01-31T07:32:48","guid":{"rendered":"https:\/\/divainers.com\/producto\/divain-463\/"},"modified":"2026-03-16T16:07:53","modified_gmt":"2026-03-16T15:07:53","slug":"divain-463","status":"publish","type":"product","link":"https:\/\/divainers.com\/nl\/producto\/divain-463\/","title":{"rendered":"divain.463"},"content":{"rendered":"<p>Un aroma fresco y revitalizante que captura la esencia del oc\u00e9ano en su estado m\u00e1s puro y en\u00e9rgico. Desde el primer instante, una explosi\u00f3n de notas marinas y bergamota despierta los sentidos con una frescura vibrante y salina. En su coraz\u00f3n, la menta y el romero aportan un toque arom\u00e1tico y revitalizante, evocando la brisa marina acariciando la piel. Finalmente, un fondo de maderas suaves y almizcle deja una estela limpia, elegante y duradera. Un perfume refrescante y sofisticado, ideal para quienes buscan una fragancia acu\u00e1tica, moderna y con un esp\u00edritu libre.<\/p>\n","protected":false},"excerpt":{"rendered":"<p>Recuerda a Kenzo Homme Marine de Kenzo<\/p>\n","protected":false},"featured_media":2909,"comment_status":"open","ping_status":"closed","template":"","meta":[],"product_brand":[],"product_cat":[575],"product_tag":[1344],"class_list":{"0":"post-809","1":"product","2":"type-product","3":"status-publish","4":"has-post-thumbnail","6":"product_cat-kenzo","7":"product_tag-miehet","9":"first","10":"instock","11":"shipping-taxable","12":"product-type-simple"},"_links":{"self":[{"href":"https:\/\/divainers.com\/nl\/wp-json\/wp\/v2\/product\/809","targetHints":{"allow":["GET"]}}],"collection":[{"href":"https:\/\/divainers.com\/nl\/wp-json\/wp\/v2\/product"}],"about":[{"href":"https:\/\/divainers.com\/nl\/wp-json\/wp\/v2\/types\/product"}],"replies":[{"embeddable":true,"href":"https:\/\/divainers.com\/nl\/wp-json\/wp\/v2\/comments?post=809"}],"wp:featuredmedia":[{"embeddable":true,"href":"https:\/\/divainers.com\/nl\/wp-json\/wp\/v2\/media\/2909"}],"wp:attachment":[{"href":"https:\/\/divainers.com\/nl\/wp-json\/wp\/v2\/media?parent=809"}],"wp:term":[{"taxonomy":"product_brand","embeddable":true,"href":"https:\/\/divainers.com\/nl\/wp-json\/wp\/v2\/product_brand?post=809"},{"taxonomy":"product_cat","embeddable":true,"href":"https:\/\/divainers.com\/nl\/wp-json\/wp\/v2\/product_cat?post=809"},{"taxonomy":"product_tag","embeddable":true,"href":"https:\/\/divainers.com\/nl\/wp-json\/wp\/v2\/product_tag?post=809"}],"curies":[{"name":"wp","href":"https:\/\/api.w.org\/{rel}","templated":true}]}}