{"id":824,"date":"2025-01-31T08:32:49","date_gmt":"2025-01-31T07:32:49","guid":{"rendered":"https:\/\/divainers.com\/producto\/divain-093\/"},"modified":"2026-03-16T16:07:54","modified_gmt":"2026-03-16T15:07:54","slug":"divain-093","status":"publish","type":"product","link":"https:\/\/divainers.com\/nl\/producto\/divain-093\/","title":{"rendered":"divain.093"},"content":{"rendered":"<p>Un aroma radiante y sofisticado que celebra la alegr\u00eda de vivir con una estela dulce y envolvente. Su apertura chispeante de pera y grosella negra aporta una frescura afrutada y luminosa. En el coraz\u00f3n, el iris, el jazm\u00edn y la flor de azahar envuelven la fragancia en una feminidad elegante y sofisticada. En el fondo, la vainilla, el pralin\u00e9 y el pachul\u00ed crean una estela c\u00e1lida y adictiva, perfecta para la mujer segura de s\u00ed misma, optimista y con un encanto natural que ilumina su entorno.<\/p>\n","protected":false},"excerpt":{"rendered":"<p>Recuerda a La Vie est Belle de Lanc\u00f4me<\/p>\n","protected":false},"featured_media":3457,"comment_status":"open","ping_status":"closed","template":"","meta":[],"product_brand":[],"product_cat":[596],"product_tag":[1424],"class_list":{"0":"post-824","1":"product","2":"type-product","3":"status-publish","4":"has-post-thumbnail","6":"product_cat-lancome","7":"product_tag-femmes","9":"first","10":"instock","11":"shipping-taxable","12":"product-type-simple"},"_links":{"self":[{"href":"https:\/\/divainers.com\/nl\/wp-json\/wp\/v2\/product\/824","targetHints":{"allow":["GET"]}}],"collection":[{"href":"https:\/\/divainers.com\/nl\/wp-json\/wp\/v2\/product"}],"about":[{"href":"https:\/\/divainers.com\/nl\/wp-json\/wp\/v2\/types\/product"}],"replies":[{"embeddable":true,"href":"https:\/\/divainers.com\/nl\/wp-json\/wp\/v2\/comments?post=824"}],"wp:featuredmedia":[{"embeddable":true,"href":"https:\/\/divainers.com\/nl\/wp-json\/wp\/v2\/media\/3457"}],"wp:attachment":[{"href":"https:\/\/divainers.com\/nl\/wp-json\/wp\/v2\/media?parent=824"}],"wp:term":[{"taxonomy":"product_brand","embeddable":true,"href":"https:\/\/divainers.com\/nl\/wp-json\/wp\/v2\/product_brand?post=824"},{"taxonomy":"product_cat","embeddable":true,"href":"https:\/\/divainers.com\/nl\/wp-json\/wp\/v2\/product_cat?post=824"},{"taxonomy":"product_tag","embeddable":true,"href":"https:\/\/divainers.com\/nl\/wp-json\/wp\/v2\/product_tag?post=824"}],"curies":[{"name":"wp","href":"https:\/\/api.w.org\/{rel}","templated":true}]}}