{"id":849,"date":"2025-01-31T08:32:53","date_gmt":"2025-01-31T07:32:53","guid":{"rendered":"https:\/\/divainers.com\/producto\/divain-754\/"},"modified":"2026-03-16T16:07:57","modified_gmt":"2026-03-16T15:07:57","slug":"divain-754","status":"publish","type":"product","link":"https:\/\/divainers.com\/nl\/producto\/divain-754\/","title":{"rendered":"divain.754"},"content":{"rendered":"<p>Es una fragancia hipn\u00f3tica y et\u00e9rea, con un aura limpia y moderna. Su composici\u00f3n gira en torno a un almizcle sint\u00e9tico que crea una sensaci\u00f3n de piel limpia con un toque animal\u00edstico. Acompa\u00f1ado de notas amaderadas, \u00e1mbar y un sutil acorde afrutado, su estela es envolvente y minimalista, pero con una profundidad intrigante. Es el tipo de aroma que parece fusionarse con la piel, dejando un rastro sensual y casi adictivo.<\/p>\n","protected":false},"excerpt":{"rendered":"<p>Recuerda a Another 13 de Le Labo<\/p>\n","protected":false},"featured_media":3276,"comment_status":"open","ping_status":"closed","template":"","meta":[],"product_brand":[],"product_cat":[622],"product_tag":[1383],"class_list":{"0":"post-849","1":"product","2":"type-product","3":"status-publish","4":"has-post-thumbnail","6":"product_cat-le-labo","7":"product_tag-unisex","9":"first","10":"instock","11":"shipping-taxable","12":"product-type-simple"},"_links":{"self":[{"href":"https:\/\/divainers.com\/nl\/wp-json\/wp\/v2\/product\/849","targetHints":{"allow":["GET"]}}],"collection":[{"href":"https:\/\/divainers.com\/nl\/wp-json\/wp\/v2\/product"}],"about":[{"href":"https:\/\/divainers.com\/nl\/wp-json\/wp\/v2\/types\/product"}],"replies":[{"embeddable":true,"href":"https:\/\/divainers.com\/nl\/wp-json\/wp\/v2\/comments?post=849"}],"wp:featuredmedia":[{"embeddable":true,"href":"https:\/\/divainers.com\/nl\/wp-json\/wp\/v2\/media\/3276"}],"wp:attachment":[{"href":"https:\/\/divainers.com\/nl\/wp-json\/wp\/v2\/media?parent=849"}],"wp:term":[{"taxonomy":"product_brand","embeddable":true,"href":"https:\/\/divainers.com\/nl\/wp-json\/wp\/v2\/product_brand?post=849"},{"taxonomy":"product_cat","embeddable":true,"href":"https:\/\/divainers.com\/nl\/wp-json\/wp\/v2\/product_cat?post=849"},{"taxonomy":"product_tag","embeddable":true,"href":"https:\/\/divainers.com\/nl\/wp-json\/wp\/v2\/product_tag?post=849"}],"curies":[{"name":"wp","href":"https:\/\/api.w.org\/{rel}","templated":true}]}}