{"id":881,"date":"2025-01-31T08:32:57","date_gmt":"2025-01-31T07:32:57","guid":{"rendered":"https:\/\/divainers.com\/producto\/divain-406\/"},"modified":"2026-03-16T16:08:00","modified_gmt":"2026-03-16T15:08:00","slug":"divain-406","status":"publish","type":"product","link":"https:\/\/divainers.com\/nl\/producto\/divain-406\/","title":{"rendered":"divain.406"},"content":{"rendered":"<p>Una fragancia rica y opulenta, con un acorde principal de oud que se suaviza con notas de cacao, especias y un toque de madera. Su car\u00e1cter c\u00e1lido y ex\u00f3tico transmite una sensaci\u00f3n de aventura y lujo, evocando un viaje a tierras lejanas llenas de misterio y sofisticaci\u00f3n.<\/p>\n","protected":false},"excerpt":{"rendered":"<p>Recuerda a Nouveau Monde de Louis Vuitton<\/p>\n","protected":false},"featured_media":4553,"comment_status":"open","ping_status":"closed","template":"","meta":[],"product_brand":[],"product_cat":[651],"product_tag":[25],"class_list":{"0":"post-881","1":"product","2":"type-product","3":"status-publish","4":"has-post-thumbnail","6":"product_cat-louis-vuitton","7":"product_tag-hombre","9":"first","10":"instock","11":"shipping-taxable","12":"product-type-simple"},"_links":{"self":[{"href":"https:\/\/divainers.com\/nl\/wp-json\/wp\/v2\/product\/881","targetHints":{"allow":["GET"]}}],"collection":[{"href":"https:\/\/divainers.com\/nl\/wp-json\/wp\/v2\/product"}],"about":[{"href":"https:\/\/divainers.com\/nl\/wp-json\/wp\/v2\/types\/product"}],"replies":[{"embeddable":true,"href":"https:\/\/divainers.com\/nl\/wp-json\/wp\/v2\/comments?post=881"}],"wp:featuredmedia":[{"embeddable":true,"href":"https:\/\/divainers.com\/nl\/wp-json\/wp\/v2\/media\/4553"}],"wp:attachment":[{"href":"https:\/\/divainers.com\/nl\/wp-json\/wp\/v2\/media?parent=881"}],"wp:term":[{"taxonomy":"product_brand","embeddable":true,"href":"https:\/\/divainers.com\/nl\/wp-json\/wp\/v2\/product_brand?post=881"},{"taxonomy":"product_cat","embeddable":true,"href":"https:\/\/divainers.com\/nl\/wp-json\/wp\/v2\/product_cat?post=881"},{"taxonomy":"product_tag","embeddable":true,"href":"https:\/\/divainers.com\/nl\/wp-json\/wp\/v2\/product_tag?post=881"}],"curies":[{"name":"wp","href":"https:\/\/api.w.org\/{rel}","templated":true}]}}