{"id":1013,"date":"2025-01-31T08:33:16","date_gmt":"2025-01-31T07:33:16","guid":{"rendered":"https:\/\/divainers.com\/producto\/divain-356\/"},"modified":"2026-03-16T16:08:13","modified_gmt":"2026-03-16T15:08:13","slug":"divain-356","status":"publish","type":"product","link":"https:\/\/divainers.com\/no\/producto\/divain-356\/","title":{"rendered":"divain.356"},"content":{"rendered":"<p>Una fragancia futurista y energ\u00e9tica con una apertura c\u00edtrica y arom\u00e1tica que combina lavanda con toques de lim\u00f3n y bergamota. Su coraz\u00f3n se torna cremoso y ligeramente dulce gracias a la vainilla y la manzana, mientras que el fondo amaderado y especiado aporta calidez y sofisticaci\u00f3n. Un aroma vibrante y moderno, dise\u00f1ado para destacar con un estilo innovador y audaz.<\/p>\n","protected":false},"excerpt":{"rendered":"<p>Recuerda a Phantom de Paco Rabanne<\/p>\n","protected":false},"featured_media":4421,"comment_status":"open","ping_status":"closed","template":"","meta":[],"product_brand":[],"product_cat":[802],"product_tag":[1341],"class_list":{"0":"post-1013","1":"product","2":"type-product","3":"status-publish","4":"has-post-thumbnail","6":"product_cat-paco-rabanne","7":"product_tag-muzi","9":"first","10":"instock","11":"shipping-taxable","12":"product-type-simple"},"_links":{"self":[{"href":"https:\/\/divainers.com\/no\/wp-json\/wp\/v2\/product\/1013","targetHints":{"allow":["GET"]}}],"collection":[{"href":"https:\/\/divainers.com\/no\/wp-json\/wp\/v2\/product"}],"about":[{"href":"https:\/\/divainers.com\/no\/wp-json\/wp\/v2\/types\/product"}],"replies":[{"embeddable":true,"href":"https:\/\/divainers.com\/no\/wp-json\/wp\/v2\/comments?post=1013"}],"wp:featuredmedia":[{"embeddable":true,"href":"https:\/\/divainers.com\/no\/wp-json\/wp\/v2\/media\/4421"}],"wp:attachment":[{"href":"https:\/\/divainers.com\/no\/wp-json\/wp\/v2\/media?parent=1013"}],"wp:term":[{"taxonomy":"product_brand","embeddable":true,"href":"https:\/\/divainers.com\/no\/wp-json\/wp\/v2\/product_brand?post=1013"},{"taxonomy":"product_cat","embeddable":true,"href":"https:\/\/divainers.com\/no\/wp-json\/wp\/v2\/product_cat?post=1013"},{"taxonomy":"product_tag","embeddable":true,"href":"https:\/\/divainers.com\/no\/wp-json\/wp\/v2\/product_tag?post=1013"}],"curies":[{"name":"wp","href":"https:\/\/api.w.org\/{rel}","templated":true}]}}