{"id":1016,"date":"2025-01-31T08:33:16","date_gmt":"2025-01-31T07:33:16","guid":{"rendered":"https:\/\/divainers.com\/producto\/divain-448\/"},"modified":"2026-03-16T16:08:13","modified_gmt":"2026-03-16T15:08:13","slug":"divain-448","status":"publish","type":"product","link":"https:\/\/divainers.com\/no\/producto\/divain-448\/","title":{"rendered":"divain.448"},"content":{"rendered":"<p>Un aroma opulento y audaz que eleva el lujo a su m\u00e1xima expresi\u00f3n con la riqueza del oud y las especias doradas. Desde el primer instante, la calidez del azafr\u00e1n y la canela envuelve los sentidos con un toque especiado y ex\u00f3tico. En su coraz\u00f3n, la profundidad del oud se fusiona con acordes de cuero y \u00e1mbar, creando una sensaci\u00f3n intensa y sofisticada. Finalmente, un fondo amaderado y bals\u00e1mico, con toques de vainilla y resinas, deja una estela densa, seductora y magn\u00e9tica. Un perfume poderoso y envolvente, ideal para quienes buscan una fragancia intensa, lujosa y con un car\u00e1cter inquebrantable.<\/p>\n","protected":false},"excerpt":{"rendered":"<p>Recuerda a 1 Million Golden Oud de Paco Rabanne<\/p>\n","protected":false},"featured_media":3576,"comment_status":"open","ping_status":"closed","template":"","meta":[],"product_brand":[],"product_cat":[802],"product_tag":[1369],"class_list":{"0":"post-1016","1":"product","2":"type-product","3":"status-publish","4":"has-post-thumbnail","6":"product_cat-paco-rabanne","7":"product_tag-barbati","9":"first","10":"instock","11":"shipping-taxable","12":"product-type-simple"},"_links":{"self":[{"href":"https:\/\/divainers.com\/no\/wp-json\/wp\/v2\/product\/1016","targetHints":{"allow":["GET"]}}],"collection":[{"href":"https:\/\/divainers.com\/no\/wp-json\/wp\/v2\/product"}],"about":[{"href":"https:\/\/divainers.com\/no\/wp-json\/wp\/v2\/types\/product"}],"replies":[{"embeddable":true,"href":"https:\/\/divainers.com\/no\/wp-json\/wp\/v2\/comments?post=1016"}],"wp:featuredmedia":[{"embeddable":true,"href":"https:\/\/divainers.com\/no\/wp-json\/wp\/v2\/media\/3576"}],"wp:attachment":[{"href":"https:\/\/divainers.com\/no\/wp-json\/wp\/v2\/media?parent=1016"}],"wp:term":[{"taxonomy":"product_brand","embeddable":true,"href":"https:\/\/divainers.com\/no\/wp-json\/wp\/v2\/product_brand?post=1016"},{"taxonomy":"product_cat","embeddable":true,"href":"https:\/\/divainers.com\/no\/wp-json\/wp\/v2\/product_cat?post=1016"},{"taxonomy":"product_tag","embeddable":true,"href":"https:\/\/divainers.com\/no\/wp-json\/wp\/v2\/product_tag?post=1016"}],"curies":[{"name":"wp","href":"https:\/\/api.w.org\/{rel}","templated":true}]}}