{"id":10716,"date":"2025-01-31T08:32:35","date_gmt":"2025-01-31T07:32:35","guid":{"rendered":"https:\/\/divainers.com\/producto\/divain-383\/"},"modified":"2026-04-30T10:46:53","modified_gmt":"2026-04-30T08:46:53","slug":"divain-383","status":"publish","type":"product","link":"https:\/\/divainers.com\/no\/producto\/divain-383\/","title":{"rendered":"divain.383"},"content":{"rendered":"<p>En dristig og forf\u00f8rende kombinasjon hvor aromatisk lavendel smelter sammen med treaktige toner og en krydret base. Dens dype og lett s\u00f8te karakter gir et moderne preg uten \u00e5 miste sin klassiske og maskuline essens.<\/p>\n","protected":false},"excerpt":{"rendered":"<p>Ligner p\u00e5 Drakkar Intense de Guy Laroche<\/p>\n","protected":false},"featured_media":10709,"comment_status":"open","ping_status":"closed","template":"","meta":[],"product_brand":[],"product_cat":[2932],"product_tag":[1364],"class_list":{"0":"post-10716","1":"product","2":"type-product","3":"status-publish","4":"has-post-thumbnail","6":"product_cat-guy-laroche","7":"product_tag-menn","9":"first","10":"instock","11":"shipping-taxable","12":"product-type-simple"},"_links":{"self":[{"href":"https:\/\/divainers.com\/no\/wp-json\/wp\/v2\/product\/10716","targetHints":{"allow":["GET"]}}],"collection":[{"href":"https:\/\/divainers.com\/no\/wp-json\/wp\/v2\/product"}],"about":[{"href":"https:\/\/divainers.com\/no\/wp-json\/wp\/v2\/types\/product"}],"replies":[{"embeddable":true,"href":"https:\/\/divainers.com\/no\/wp-json\/wp\/v2\/comments?post=10716"}],"wp:featuredmedia":[{"embeddable":true,"href":"https:\/\/divainers.com\/no\/wp-json\/wp\/v2\/media\/10709"}],"wp:attachment":[{"href":"https:\/\/divainers.com\/no\/wp-json\/wp\/v2\/media?parent=10716"}],"wp:term":[{"taxonomy":"product_brand","embeddable":true,"href":"https:\/\/divainers.com\/no\/wp-json\/wp\/v2\/product_brand?post=10716"},{"taxonomy":"product_cat","embeddable":true,"href":"https:\/\/divainers.com\/no\/wp-json\/wp\/v2\/product_cat?post=10716"},{"taxonomy":"product_tag","embeddable":true,"href":"https:\/\/divainers.com\/no\/wp-json\/wp\/v2\/product_tag?post=10716"}],"curies":[{"name":"wp","href":"https:\/\/api.w.org\/{rel}","templated":true}]}}