{"id":1112,"date":"2025-01-31T08:33:27","date_gmt":"2025-01-31T07:33:27","guid":{"rendered":"https:\/\/divainers.com\/producto\/divain-091\/"},"modified":"2026-04-30T15:53:40","modified_gmt":"2026-04-30T13:53:40","slug":"divain-091","status":"publish","type":"product","link":"https:\/\/divainers.com\/no\/producto\/divain-091\/","title":{"rendered":"divain.091"},"content":{"rendered":"<p>Misti\u010dno i magnetsko mirisno iskustvo koje obavija osjetila svojom jedinstvenom i o\u010daravaju\u0107om aurom. Njegov blistavi po\u010detak jasminom sambac otkriva intenzivnu i svijetlu \u017eenstvenost. U srcu, drvenaste note obavijaju miris toplinom i sofisticirano\u0161\u0107u. Na dnu, bijeli jantar stvara dubok i zarazan trag, savr\u0161en za sna\u017enu, zagonetnu \u017eenu s neodoljivim magnetizmom koja ostavlja dojam gdje god da krene.<\/p>\n","protected":false},"excerpt":{"rendered":"<p>Podsje\u0107a na Alien od Thierry Mugler<\/p>\n","protected":false},"featured_media":15103,"comment_status":"open","ping_status":"closed","template":"","meta":[],"product_brand":[],"product_cat":[3734],"product_tag":[1440],"class_list":{"0":"post-1112","1":"product","2":"type-product","3":"status-publish","4":"has-post-thumbnail","6":"product_cat-thierry-mugler","7":"product_tag-mulheres","9":"first","10":"instock","11":"shipping-taxable","12":"product-type-simple"},"_links":{"self":[{"href":"https:\/\/divainers.com\/no\/wp-json\/wp\/v2\/product\/1112","targetHints":{"allow":["GET"]}}],"collection":[{"href":"https:\/\/divainers.com\/no\/wp-json\/wp\/v2\/product"}],"about":[{"href":"https:\/\/divainers.com\/no\/wp-json\/wp\/v2\/types\/product"}],"replies":[{"embeddable":true,"href":"https:\/\/divainers.com\/no\/wp-json\/wp\/v2\/comments?post=1112"}],"wp:featuredmedia":[{"embeddable":true,"href":"https:\/\/divainers.com\/no\/wp-json\/wp\/v2\/media\/15103"}],"wp:attachment":[{"href":"https:\/\/divainers.com\/no\/wp-json\/wp\/v2\/media?parent=1112"}],"wp:term":[{"taxonomy":"product_brand","embeddable":true,"href":"https:\/\/divainers.com\/no\/wp-json\/wp\/v2\/product_brand?post=1112"},{"taxonomy":"product_cat","embeddable":true,"href":"https:\/\/divainers.com\/no\/wp-json\/wp\/v2\/product_cat?post=1112"},{"taxonomy":"product_tag","embeddable":true,"href":"https:\/\/divainers.com\/no\/wp-json\/wp\/v2\/product_tag?post=1112"}],"curies":[{"name":"wp","href":"https:\/\/api.w.org\/{rel}","templated":true}]}}