{"id":11304,"date":"2025-01-31T08:33:26","date_gmt":"2025-01-31T07:33:26","guid":{"rendered":"https:\/\/divainers.com\/producto\/divain-544\/"},"modified":"2026-04-30T10:50:09","modified_gmt":"2026-04-30T08:50:09","slug":"divain-544","status":"publish","type":"product","link":"https:\/\/divainers.com\/no\/producto\/divain-544\/","title":{"rendered":"divain.544"},"content":{"rendered":"<p>En delikat og lys duft som fremkaller den subtile elegansen og friskheten til en verdifull juvel. Fra \u00e5pningen vekker en blanding av friske sitrusfrukter og gr\u00f8nne blader sansene med en levende og forfriskende f\u00f8lelse. I hjertet finner vi en blomsterbukett av rose, jasmin og liljekonvall som gir en myk og raffinert femininitet, mens et hint av bringeb\u00e6r tilf\u00f8rer en lett og fruktig s\u00f8dme. Til slutt etterlater en base av musk, sedertre og vanilje en varm, omsluttende og sensuell duft. En ideell parfyme for de som s\u00f8ker en frisk, blomsteraktig og elegant duft, perfekt til hverdagsbruk eller spesielle anledninger fylt med lys og eleganse.<\/p>\n","protected":false},"excerpt":{"rendered":"<p>Minner om Aura av Swarovski<\/p>\n","protected":false},"featured_media":11297,"comment_status":"open","ping_status":"closed","template":"","meta":[],"product_brand":[],"product_cat":[3225],"product_tag":[1444],"class_list":{"0":"post-11304","1":"product","2":"type-product","3":"status-publish","4":"has-post-thumbnail","6":"product_cat-swarovski","7":"product_tag-kvinner","9":"first","10":"instock","11":"shipping-taxable","12":"product-type-simple"},"_links":{"self":[{"href":"https:\/\/divainers.com\/no\/wp-json\/wp\/v2\/product\/11304","targetHints":{"allow":["GET"]}}],"collection":[{"href":"https:\/\/divainers.com\/no\/wp-json\/wp\/v2\/product"}],"about":[{"href":"https:\/\/divainers.com\/no\/wp-json\/wp\/v2\/types\/product"}],"replies":[{"embeddable":true,"href":"https:\/\/divainers.com\/no\/wp-json\/wp\/v2\/comments?post=11304"}],"wp:featuredmedia":[{"embeddable":true,"href":"https:\/\/divainers.com\/no\/wp-json\/wp\/v2\/media\/11297"}],"wp:attachment":[{"href":"https:\/\/divainers.com\/no\/wp-json\/wp\/v2\/media?parent=11304"}],"wp:term":[{"taxonomy":"product_brand","embeddable":true,"href":"https:\/\/divainers.com\/no\/wp-json\/wp\/v2\/product_brand?post=11304"},{"taxonomy":"product_cat","embeddable":true,"href":"https:\/\/divainers.com\/no\/wp-json\/wp\/v2\/product_cat?post=11304"},{"taxonomy":"product_tag","embeddable":true,"href":"https:\/\/divainers.com\/no\/wp-json\/wp\/v2\/product_tag?post=11304"}],"curies":[{"name":"wp","href":"https:\/\/api.w.org\/{rel}","templated":true}]}}