{"id":1133,"date":"2025-01-31T08:33:30","date_gmt":"2025-01-31T07:33:30","guid":{"rendered":"https:\/\/divainers.com\/producto\/divain-542\/"},"modified":"2026-04-30T16:08:33","modified_gmt":"2026-04-30T14:08:33","slug":"divain-542","status":"publish","type":"product","link":"https:\/\/divainers.com\/no\/producto\/divain-542\/","title":{"rendered":"divain.542"},"content":{"rendered":"<p>Bogati i zavodljivi miris koji priziva misterioznu i elegantnu sofisticiranost. Od samog otvaranja, bogata i duboka mje\u0161avina tartufa, bergamota i crne ribizle o\u010darava osjetila intrigantnom intenzitetom. U srcu, crna orhideja spaja se s toplim za\u010dinima poput klin\u010di\u0107a i cimeta, stvaraju\u0107i luksuzan i egzoti\u010dan dojam. Na kraju, baza od pa\u010dulija, sandalovine, vanilije i mo\u0161usa ostavlja dubok, senzualan i dugotrajan trag. Idealni parfem za one koji tra\u017ee intenzivan, cvjetni i drvenasti miris, savr\u0161en za no\u0107 ili posebne prilike kada \u017eelite ostaviti nezaboravan dojam.<\/p>\n","protected":false},"excerpt":{"rendered":"<p>Podsje\u0107a na Black Orchid od Tom Ford<\/p>\n","protected":false},"featured_media":15529,"comment_status":"open","ping_status":"closed","template":"","meta":[],"product_brand":[],"product_cat":[4270],"product_tag":[1442],"class_list":{"0":"post-1133","1":"product","2":"type-product","3":"status-publish","4":"has-post-thumbnail","6":"product_cat-tom-ford","7":"product_tag-kobiety","9":"first","10":"instock","11":"shipping-taxable","12":"product-type-simple"},"_links":{"self":[{"href":"https:\/\/divainers.com\/no\/wp-json\/wp\/v2\/product\/1133","targetHints":{"allow":["GET"]}}],"collection":[{"href":"https:\/\/divainers.com\/no\/wp-json\/wp\/v2\/product"}],"about":[{"href":"https:\/\/divainers.com\/no\/wp-json\/wp\/v2\/types\/product"}],"replies":[{"embeddable":true,"href":"https:\/\/divainers.com\/no\/wp-json\/wp\/v2\/comments?post=1133"}],"wp:featuredmedia":[{"embeddable":true,"href":"https:\/\/divainers.com\/no\/wp-json\/wp\/v2\/media\/15529"}],"wp:attachment":[{"href":"https:\/\/divainers.com\/no\/wp-json\/wp\/v2\/media?parent=1133"}],"wp:term":[{"taxonomy":"product_brand","embeddable":true,"href":"https:\/\/divainers.com\/no\/wp-json\/wp\/v2\/product_brand?post=1133"},{"taxonomy":"product_cat","embeddable":true,"href":"https:\/\/divainers.com\/no\/wp-json\/wp\/v2\/product_cat?post=1133"},{"taxonomy":"product_tag","embeddable":true,"href":"https:\/\/divainers.com\/no\/wp-json\/wp\/v2\/product_tag?post=1133"}],"curies":[{"name":"wp","href":"https:\/\/api.w.org\/{rel}","templated":true}]}}