{"id":11750,"date":"2025-01-31T08:33:27","date_gmt":"2025-01-31T07:33:27","guid":{"rendered":"https:\/\/divainers.com\/producto\/divain-903\/"},"modified":"2026-04-30T10:53:18","modified_gmt":"2026-04-30T08:53:18","slug":"divain-903","status":"publish","type":"product","link":"https:\/\/divainers.com\/no\/producto\/divain-903\/","title":{"rendered":"divain.903"},"content":{"rendered":"<p>En sjarmerende og delikat duft som fremkaller barndommens renhet med en frisk og myk blanding av klare sitrusfrukter og milde blomster. \u00c5pningen er et sukk av sitron og s\u00f8te appelsiner som umiddelbart vekker sansene med ungdommelig vitalitet. Etter hvert som duften utvikler seg, tilf\u00f8rer noter av appelsinblomst og jasmin et varmt og delikat preg, mens basen av mandel og vanilje omslutter duften i en tr\u00f8stende mykhet og etterlater en s\u00f8t og lett kremet duft. Denne parfymen er perfekt for de som s\u00f8ker en lett, frisk og \u00f8m duft som gjenspeiler uskylden og gleden i de f\u00f8rste \u00f8yeblikkene, og skaper en f\u00f8lelse av varme og friskhet som varer mykt gjennom hele dagen.<\/p>\n","protected":false},"excerpt":{"rendered":"<p>Minner om Ptisenbon av Tartine et Chocolat<\/p>\n","protected":false},"featured_media":3193,"comment_status":"open","ping_status":"closed","template":"","meta":[],"product_brand":[],"product_cat":[3456],"product_tag":[2335],"class_list":{"0":"post-11750","1":"product","2":"type-product","3":"status-publish","4":"has-post-thumbnail","6":"product_cat-tartine-et-chocolat","7":"product_tag-ninos-y-ninas","9":"first","10":"instock","11":"shipping-taxable","12":"product-type-simple"},"_links":{"self":[{"href":"https:\/\/divainers.com\/no\/wp-json\/wp\/v2\/product\/11750","targetHints":{"allow":["GET"]}}],"collection":[{"href":"https:\/\/divainers.com\/no\/wp-json\/wp\/v2\/product"}],"about":[{"href":"https:\/\/divainers.com\/no\/wp-json\/wp\/v2\/types\/product"}],"replies":[{"embeddable":true,"href":"https:\/\/divainers.com\/no\/wp-json\/wp\/v2\/comments?post=11750"}],"wp:featuredmedia":[{"embeddable":true,"href":"https:\/\/divainers.com\/no\/wp-json\/wp\/v2\/media\/3193"}],"wp:attachment":[{"href":"https:\/\/divainers.com\/no\/wp-json\/wp\/v2\/media?parent=11750"}],"wp:term":[{"taxonomy":"product_brand","embeddable":true,"href":"https:\/\/divainers.com\/no\/wp-json\/wp\/v2\/product_brand?post=11750"},{"taxonomy":"product_cat","embeddable":true,"href":"https:\/\/divainers.com\/no\/wp-json\/wp\/v2\/product_cat?post=11750"},{"taxonomy":"product_tag","embeddable":true,"href":"https:\/\/divainers.com\/no\/wp-json\/wp\/v2\/product_tag?post=11750"}],"curies":[{"name":"wp","href":"https:\/\/api.w.org\/{rel}","templated":true}]}}