{"id":1176,"date":"2025-01-31T08:33:36","date_gmt":"2025-01-31T07:33:36","guid":{"rendered":"https:\/\/divainers.com\/producto\/divain-904\/"},"modified":"2026-04-30T16:15:36","modified_gmt":"2026-04-30T14:15:36","slug":"divain-904","status":"publish","type":"product","link":"https:\/\/divainers.com\/no\/producto\/divain-904\/","title":{"rendered":"divain.904"},"content":{"rendered":"<p>Svje\u017ei i razigrani miris koji hvata bit nevinosti i radosti u svakoj noti. Od prvog trenutka, <em>eksplozija citrusnog vo\u0107a<\/em> poput <em>mandarine<\/em> i <em>naran\u010de<\/em> budi osjetila svojom vitalno\u0161\u0107u, dok nje\u017eni dodir <em>cvijeta naran\u010de<\/em> i <em>ljiljana doline<\/em> dodaje zrak cvjetne svje\u017eine, nje\u017enosti i \u0161arma. Kako se miris razvija, lagana baza od <em>mo\u0161usa<\/em> i <em>vanilije<\/em> pru\u017ea toplu i ugodnu podlogu, obavijaju\u0107i ko\u017eu nje\u017enom meko\u0107om. Ovaj parfem savr\u0161en je za one koji tra\u017ee svje\u017e, lagan i mladena\u010dki miris, idealan za svaki dan, ostavljaju\u0107i nje\u017ean i veseo trag pun nje\u017enosti i prirodne svje\u017eine.<\/p>\n","protected":false},"excerpt":{"rendered":"<p>Podsje\u0107a na Tous Kids od Tous<\/p>\n","protected":false},"featured_media":15842,"comment_status":"open","ping_status":"closed","template":"","meta":[],"product_brand":[],"product_cat":[4533],"product_tag":[4602],"class_list":{"0":"post-1176","1":"product","2":"type-product","3":"status-publish","4":"has-post-thumbnail","6":"product_cat-tous","7":"product_tag-djeca","9":"first","10":"instock","11":"shipping-taxable","12":"product-type-simple"},"_links":{"self":[{"href":"https:\/\/divainers.com\/no\/wp-json\/wp\/v2\/product\/1176","targetHints":{"allow":["GET"]}}],"collection":[{"href":"https:\/\/divainers.com\/no\/wp-json\/wp\/v2\/product"}],"about":[{"href":"https:\/\/divainers.com\/no\/wp-json\/wp\/v2\/types\/product"}],"replies":[{"embeddable":true,"href":"https:\/\/divainers.com\/no\/wp-json\/wp\/v2\/comments?post=1176"}],"wp:featuredmedia":[{"embeddable":true,"href":"https:\/\/divainers.com\/no\/wp-json\/wp\/v2\/media\/15842"}],"wp:attachment":[{"href":"https:\/\/divainers.com\/no\/wp-json\/wp\/v2\/media?parent=1176"}],"wp:term":[{"taxonomy":"product_brand","embeddable":true,"href":"https:\/\/divainers.com\/no\/wp-json\/wp\/v2\/product_brand?post=1176"},{"taxonomy":"product_cat","embeddable":true,"href":"https:\/\/divainers.com\/no\/wp-json\/wp\/v2\/product_cat?post=1176"},{"taxonomy":"product_tag","embeddable":true,"href":"https:\/\/divainers.com\/no\/wp-json\/wp\/v2\/product_tag?post=1176"}],"curies":[{"name":"wp","href":"https:\/\/api.w.org\/{rel}","templated":true}]}}