{"id":11793,"date":"2025-01-31T08:33:27","date_gmt":"2025-01-31T07:33:27","guid":{"rendered":"https:\/\/divainers.com\/producto\/divain-781\/"},"modified":"2026-04-30T10:53:30","modified_gmt":"2026-04-30T08:53:30","slug":"divain-781","status":"publish","type":"product","link":"https:\/\/divainers.com\/no\/producto\/divain-781\/","title":{"rendered":"divain.781"},"content":{"rendered":"<p>Denne unisex-duften \u00e5pner med en krydret og sitrusaktig \u00e5pning, hvor koriander og spisskummen flettes sammen med friske noter, og skaper en f\u00f8lelse av varme og sofistikasjon. I hjertet tilf\u00f8rer sedertre og jasmin en treaktig og floral eleganse som vekker \u00f8rkenlandskapets ro til live. Basen av patchouli, gr\u00e5 rav og harpikser tilf\u00f8rer en balsamisk og jordn\u00e6r dybde som reflekterer Maghreb-regionens naturlige rikdom. Denne komposisjonen, presentert i en luksuri\u00f8s konsentrasjon av parfymeekstrakt, tilbyr en unik sensorisk opplevelse som fanger \u00f8rkenens essens.<\/p>\n","protected":false},"excerpt":{"rendered":"<p>Minner om Au Coeur du D\u00e9sert av Tauer<\/p>\n","protected":false},"featured_media":11789,"comment_status":"open","ping_status":"closed","template":"","meta":[],"product_brand":[],"product_cat":[3477],"product_tag":[1389],"class_list":{"0":"post-11793","1":"product","2":"type-product","3":"status-publish","4":"has-post-thumbnail","6":"product_cat-tauer","7":"product_tag-unisex","9":"first","10":"instock","11":"shipping-taxable","12":"product-type-simple"},"_links":{"self":[{"href":"https:\/\/divainers.com\/no\/wp-json\/wp\/v2\/product\/11793","targetHints":{"allow":["GET"]}}],"collection":[{"href":"https:\/\/divainers.com\/no\/wp-json\/wp\/v2\/product"}],"about":[{"href":"https:\/\/divainers.com\/no\/wp-json\/wp\/v2\/types\/product"}],"replies":[{"embeddable":true,"href":"https:\/\/divainers.com\/no\/wp-json\/wp\/v2\/comments?post=11793"}],"wp:featuredmedia":[{"embeddable":true,"href":"https:\/\/divainers.com\/no\/wp-json\/wp\/v2\/media\/11789"}],"wp:attachment":[{"href":"https:\/\/divainers.com\/no\/wp-json\/wp\/v2\/media?parent=11793"}],"wp:term":[{"taxonomy":"product_brand","embeddable":true,"href":"https:\/\/divainers.com\/no\/wp-json\/wp\/v2\/product_brand?post=11793"},{"taxonomy":"product_cat","embeddable":true,"href":"https:\/\/divainers.com\/no\/wp-json\/wp\/v2\/product_cat?post=11793"},{"taxonomy":"product_tag","embeddable":true,"href":"https:\/\/divainers.com\/no\/wp-json\/wp\/v2\/product_tag?post=11793"}],"curies":[{"name":"wp","href":"https:\/\/api.w.org\/{rel}","templated":true}]}}