{"id":1184,"date":"2025-01-31T08:33:36","date_gmt":"2025-01-31T07:33:36","guid":{"rendered":"https:\/\/divainers.com\/producto\/divain-885\/"},"modified":"2026-04-30T16:15:09","modified_gmt":"2026-04-30T14:15:09","slug":"divain-885","status":"publish","type":"product","link":"https:\/\/divainers.com\/no\/producto\/divain-885\/","title":{"rendered":"divain.885"},"content":{"rendered":"<p>Zamislite miris koji vas prenosi u bujne vrtove Rima, gdje se svje\u017eina i sofisticiranost savr\u0161eno stapaju. Ova esencija zapo\u010dinje prepoznatljivim otvaranjem \u010daja Lapsang Souchong, \u010diji dimljeni listovi donose jedinstvenu svje\u017einu. U srcu, jasmin apsolut osvjetljava kompoziciju svojim sun\u010danim i cvjetnim nijansama, otkrivaju\u0107i modernu \u017eenstvenost. Na kraju, ekstrakt vanilije, sladak ali dimljen, dodaje o\u010daravaju\u0107u dubinu bazi mirisa. Idealno za prolje\u0107e i ljeto, ovaj Eau de Parfum hvata bit rimske ekstravagancije u bo\u010dici koja odaje po\u010dast ikoni\u010dnom Rockstudu Valentina, kombiniraju\u0107i crnu ko\u017eu s \u017eivopisnom zelenom bojom koja odra\u017eava vitalnost gradskih vrtova.<\/p>\n","protected":false},"excerpt":{"rendered":"<p>Podsje\u0107a na Born in Roma Donna Green Stravaganza od Valentino<\/p>\n","protected":false},"featured_media":15826,"comment_status":"open","ping_status":"closed","template":"","meta":[],"product_brand":[],"product_cat":[4554],"product_tag":[1420],"class_list":{"0":"post-1184","1":"product","2":"type-product","3":"status-publish","4":"has-post-thumbnail","6":"product_cat-valentino","7":"product_tag-frauen","9":"first","10":"instock","11":"shipping-taxable","12":"product-type-simple"},"_links":{"self":[{"href":"https:\/\/divainers.com\/no\/wp-json\/wp\/v2\/product\/1184","targetHints":{"allow":["GET"]}}],"collection":[{"href":"https:\/\/divainers.com\/no\/wp-json\/wp\/v2\/product"}],"about":[{"href":"https:\/\/divainers.com\/no\/wp-json\/wp\/v2\/types\/product"}],"replies":[{"embeddable":true,"href":"https:\/\/divainers.com\/no\/wp-json\/wp\/v2\/comments?post=1184"}],"wp:featuredmedia":[{"embeddable":true,"href":"https:\/\/divainers.com\/no\/wp-json\/wp\/v2\/media\/15826"}],"wp:attachment":[{"href":"https:\/\/divainers.com\/no\/wp-json\/wp\/v2\/media?parent=1184"}],"wp:term":[{"taxonomy":"product_brand","embeddable":true,"href":"https:\/\/divainers.com\/no\/wp-json\/wp\/v2\/product_brand?post=1184"},{"taxonomy":"product_cat","embeddable":true,"href":"https:\/\/divainers.com\/no\/wp-json\/wp\/v2\/product_cat?post=1184"},{"taxonomy":"product_tag","embeddable":true,"href":"https:\/\/divainers.com\/no\/wp-json\/wp\/v2\/product_tag?post=1184"}],"curies":[{"name":"wp","href":"https:\/\/api.w.org\/{rel}","templated":true}]}}