{"id":1219,"date":"2025-01-31T08:33:42","date_gmt":"2025-01-31T07:33:42","guid":{"rendered":"https:\/\/divainers.com\/producto\/divain-175\/"},"modified":"2026-04-30T15:58:04","modified_gmt":"2026-04-30T13:58:04","slug":"divain-175","status":"publish","type":"product","link":"https:\/\/divainers.com\/no\/producto\/divain-175\/","title":{"rendered":"divain.175"},"content":{"rendered":"<p>Ikoni\u010dan i elegantan miris koji odaje po\u010dast slobodnoj i sofisticiranoj \u017eenstvenosti. Njegov svje\u017ei po\u010detak od bergamota, aldehida i zelenih nota budi osjetila s blistavom svjetlinom. U srcu, klasi\u010dni buket ru\u017ee, geranija i ylang-ylanga donosi profinjen i bezvremen duh, prizivaju\u0107i bit pari\u0161ke elegancije. U bazi, vetiver, mo\u0161us i hrastova mahovina obavijaju miris toplinom, senzualno\u0161\u0107u i nje\u017eno\u0161\u0107u. Savr\u0161en za sofisticiranu, hrabru \u017eenu s prepoznatljivim stilom koja ostavlja trag profinjenosti za sobom.<\/p>\n","protected":false},"excerpt":{"rendered":"<p>Podsje\u0107a na Rive Gauche od Yves Saint Laurent<\/p>\n","protected":false},"featured_media":15239,"comment_status":"open","ping_status":"closed","template":"","meta":[],"product_brand":[],"product_cat":[2254],"product_tag":[1452],"class_list":{"0":"post-1219","1":"product","2":"type-product","3":"status-publish","4":"has-post-thumbnail","6":"product_cat-yves-saint-laurent","7":"product_tag-sievietes","9":"first","10":"instock","11":"shipping-taxable","12":"product-type-simple"},"_links":{"self":[{"href":"https:\/\/divainers.com\/no\/wp-json\/wp\/v2\/product\/1219","targetHints":{"allow":["GET"]}}],"collection":[{"href":"https:\/\/divainers.com\/no\/wp-json\/wp\/v2\/product"}],"about":[{"href":"https:\/\/divainers.com\/no\/wp-json\/wp\/v2\/types\/product"}],"replies":[{"embeddable":true,"href":"https:\/\/divainers.com\/no\/wp-json\/wp\/v2\/comments?post=1219"}],"wp:featuredmedia":[{"embeddable":true,"href":"https:\/\/divainers.com\/no\/wp-json\/wp\/v2\/media\/15239"}],"wp:attachment":[{"href":"https:\/\/divainers.com\/no\/wp-json\/wp\/v2\/media?parent=1219"}],"wp:term":[{"taxonomy":"product_brand","embeddable":true,"href":"https:\/\/divainers.com\/no\/wp-json\/wp\/v2\/product_brand?post=1219"},{"taxonomy":"product_cat","embeddable":true,"href":"https:\/\/divainers.com\/no\/wp-json\/wp\/v2\/product_cat?post=1219"},{"taxonomy":"product_tag","embeddable":true,"href":"https:\/\/divainers.com\/no\/wp-json\/wp\/v2\/product_tag?post=1219"}],"curies":[{"name":"wp","href":"https:\/\/api.w.org\/{rel}","templated":true}]}}