{"id":12877,"date":"2025-01-31T08:33:28","date_gmt":"2025-01-31T07:33:28","guid":{"rendered":"https:\/\/divainers.com\/producto\/divain-426\/"},"modified":"2026-04-30T10:59:40","modified_gmt":"2026-04-30T08:59:40","slug":"divain-426","status":"publish","type":"product","link":"https:\/\/divainers.com\/no\/producto\/divain-426\/","title":{"rendered":"divain.426"},"content":{"rendered":"<p>En magnetisk og omsluttende duft som vekker sansene med sin overd\u00e5dige fusjon av saftige frukter og sensuelle tresorter. Fra f\u00f8rste \u00f8yeblikk fyller en fruktig eksplosjon av pasjonsfrukt, fersken og solb\u00e6r luften med en eksotisk og fristende s\u00f8dme. I hjertet veves en delikat blomsterakkord sammen med ravaktige nyanser, som tilf\u00f8rer dybde og mystikk. Til slutt skaper basen av musk, patchouli og sandeltre en kremet og vanedannende duft som etterlater et uforglemmelig inntrykk. En hypnotisk og forf\u00f8rende parfyme, perfekt for de som s\u00f8ker en intens, sofistikert og personlig duft.<\/p>\n","protected":false},"excerpt":{"rendered":"<p>Ligner Kirke av Tiziana Terenzi<\/p>\n","protected":false},"featured_media":12876,"comment_status":"open","ping_status":"closed","template":"","meta":[],"product_brand":[],"product_cat":[4020],"product_tag":[1389],"class_list":{"0":"post-12877","1":"product","2":"type-product","3":"status-publish","4":"has-post-thumbnail","6":"product_cat-tiziana-terenzi","7":"product_tag-unisex","9":"first","10":"instock","11":"shipping-taxable","12":"product-type-simple"},"_links":{"self":[{"href":"https:\/\/divainers.com\/no\/wp-json\/wp\/v2\/product\/12877","targetHints":{"allow":["GET"]}}],"collection":[{"href":"https:\/\/divainers.com\/no\/wp-json\/wp\/v2\/product"}],"about":[{"href":"https:\/\/divainers.com\/no\/wp-json\/wp\/v2\/types\/product"}],"replies":[{"embeddable":true,"href":"https:\/\/divainers.com\/no\/wp-json\/wp\/v2\/comments?post=12877"}],"wp:featuredmedia":[{"embeddable":true,"href":"https:\/\/divainers.com\/no\/wp-json\/wp\/v2\/media\/12876"}],"wp:attachment":[{"href":"https:\/\/divainers.com\/no\/wp-json\/wp\/v2\/media?parent=12877"}],"wp:term":[{"taxonomy":"product_brand","embeddable":true,"href":"https:\/\/divainers.com\/no\/wp-json\/wp\/v2\/product_brand?post=12877"},{"taxonomy":"product_cat","embeddable":true,"href":"https:\/\/divainers.com\/no\/wp-json\/wp\/v2\/product_cat?post=12877"},{"taxonomy":"product_tag","embeddable":true,"href":"https:\/\/divainers.com\/no\/wp-json\/wp\/v2\/product_tag?post=12877"}],"curies":[{"name":"wp","href":"https:\/\/api.w.org\/{rel}","templated":true}]}}