{"id":339,"date":"2025-01-31T08:31:51","date_gmt":"2025-01-31T07:31:51","guid":{"rendered":"https:\/\/divainers.com\/producto\/divain-899\/"},"modified":"2026-04-30T16:20:36","modified_gmt":"2026-04-30T14:20:36","slug":"divain-899","status":"publish","type":"product","link":"https:\/\/divainers.com\/no\/producto\/divain-899\/","title":{"rendered":"divain.899"},"content":{"rendered":"<p>V\u016fn\u011b, kter\u00e1 vyza\u0159uje luxus a tajemstv\u00ed, za\u010d\u00edn\u00e1 exploz\u00ed \u017eiv\u00fdch citrus\u016f, kter\u00e9 se prol\u00ednaj\u00ed s \u010derstv\u00fdm a aromatick\u00fdm n\u00e1dechem bylin, vytv\u00e1\u0159ej\u00edc pocit vitality a energie. Jak se rozv\u00edj\u00ed, objevuj\u00ed se jemn\u00e9 kv\u011btinov\u00e9 t\u00f3ny jasm\u00ednu a r\u016f\u017ee, p\u0159id\u00e1vaj\u00edc\u00ed elegantn\u00ed a \u017eensk\u00fd rozm\u011br. Z\u00e1klad v\u016fn\u011b je obohacen o vz\u00e1cn\u00e9 d\u0159evit\u00e9 t\u00f3ny, ambrovou \u0161edici a jemn\u00fd n\u00e1dech pi\u017ema, kter\u00e9 dod\u00e1vaj\u00ed hloubku, teplo a sofistikovanost, obaluj\u00ed poko\u017eku dlouhotrvaj\u00edc\u00edm a slo\u017eit\u00fdm z\u00e1vojem. Tento parf\u00e9m je dokonalou rovnov\u00e1hou mezi sv\u011b\u017eest\u00ed a smyslnost\u00ed, ide\u00e1ln\u00ed pro ty, kte\u0159\u00ed hledaj\u00ed v\u016fni spojuj\u00edc\u00ed eleganci, tajemstv\u00ed a s\u00edlu, zanech\u00e1vaj\u00edc\u00ed trval\u00fd otisk v\u00fdjime\u010dnosti.<\/p>\n","protected":false},"excerpt":{"rendered":"<p>P\u0159ipom\u00edn\u00e1 Guidance od Amouage<\/p>\n","protected":false},"featured_media":15918,"comment_status":"open","ping_status":"closed","template":"","meta":[],"product_brand":[],"product_cat":[1563],"product_tag":[1407],"class_list":{"0":"post-339","1":"product","2":"type-product","3":"status-publish","4":"has-post-thumbnail","6":"product_cat-amouage","7":"product_tag-unisex","9":"first","10":"instock","11":"shipping-taxable","12":"product-type-simple"},"_links":{"self":[{"href":"https:\/\/divainers.com\/no\/wp-json\/wp\/v2\/product\/339","targetHints":{"allow":["GET"]}}],"collection":[{"href":"https:\/\/divainers.com\/no\/wp-json\/wp\/v2\/product"}],"about":[{"href":"https:\/\/divainers.com\/no\/wp-json\/wp\/v2\/types\/product"}],"replies":[{"embeddable":true,"href":"https:\/\/divainers.com\/no\/wp-json\/wp\/v2\/comments?post=339"}],"wp:featuredmedia":[{"embeddable":true,"href":"https:\/\/divainers.com\/no\/wp-json\/wp\/v2\/media\/15918"}],"wp:attachment":[{"href":"https:\/\/divainers.com\/no\/wp-json\/wp\/v2\/media?parent=339"}],"wp:term":[{"taxonomy":"product_brand","embeddable":true,"href":"https:\/\/divainers.com\/no\/wp-json\/wp\/v2\/product_brand?post=339"},{"taxonomy":"product_cat","embeddable":true,"href":"https:\/\/divainers.com\/no\/wp-json\/wp\/v2\/product_cat?post=339"},{"taxonomy":"product_tag","embeddable":true,"href":"https:\/\/divainers.com\/no\/wp-json\/wp\/v2\/product_tag?post=339"}],"curies":[{"name":"wp","href":"https:\/\/api.w.org\/{rel}","templated":true}]}}