{"id":352,"date":"2025-01-31T08:31:53","date_gmt":"2025-01-31T07:31:53","guid":{"rendered":"https:\/\/divainers.com\/producto\/divain-875\/"},"modified":"2026-04-30T16:20:52","modified_gmt":"2026-04-30T14:20:52","slug":"divain-875","status":"publish","type":"product","link":"https:\/\/divainers.com\/no\/producto\/divain-875\/","title":{"rendered":"divain.875"},"content":{"rendered":"<p>P\u0159edstavte si v\u016fni, kter\u00e1 zachycuje podstatu \u0161ed\u00e9ho r\u00e1na v Pa\u0159\u00ed\u017ei, kde se m\u011bstsk\u00e1 smyslnost m\u00eds\u00ed s sofistikovan\u00fdmi a obklopuj\u00edc\u00edmi t\u00f3ny. Tato esence za\u010d\u00edn\u00e1 zaj\u00edmav\u00fdm otev\u0159en\u00edm \u0161\u0165avnat\u00e9 f\u00edky, aromatick\u00e9ho \u010dern\u00e9ho \u010daje a ko\u0159en\u011bn\u00e9ho tepla kardamomu. V srdci p\u0159in\u00e1\u0161\u00ed kosatec kv\u011btinovou jemnost, kter\u00e1 se prol\u00edn\u00e1 s bourbonov\u00fdm vetiverem, nab\u00edzej\u00edc\u00edm zemitou a elegantn\u00ed hloubku. V z\u00e1kladu indick\u00fd santal a tonka bob vytv\u00e1\u0159ej\u00ed tepl\u00fd a obklopuj\u00edc\u00ed z\u00e1klad, zanech\u00e1vaj\u00edc\u00ed dlouhotrvaj\u00edc\u00ed stopu evokuj\u00edc\u00ed sofistikovanost a tajemstv\u00ed. Tato kompozice nab\u00edz\u00ed slo\u017eit\u00fd a okouzluj\u00edc\u00ed vonn\u00fd z\u00e1\u017eitek, ide\u00e1ln\u00ed pro ty, kte\u0159\u00ed hledaj\u00ed unisex v\u016fni spojuj\u00edc\u00ed ovocn\u00e9, kv\u011btinov\u00e9 a d\u0159evit\u00e9 t\u00f3ny v dokonal\u00e9 harmonii.<\/p>\n","protected":false},"excerpt":{"rendered":"<p>P\u0159ipom\u00edn\u00e1 Gris Charnel od BDK Parfums<\/p>\n","protected":false},"featured_media":15924,"comment_status":"open","ping_status":"closed","template":"","meta":[],"product_brand":[],"product_cat":[1734],"product_tag":[1389],"class_list":{"0":"post-352","1":"product","2":"type-product","3":"status-publish","4":"has-post-thumbnail","6":"product_cat-bdk-parfums","7":"product_tag-unisex","9":"first","10":"instock","11":"shipping-taxable","12":"product-type-simple"},"_links":{"self":[{"href":"https:\/\/divainers.com\/no\/wp-json\/wp\/v2\/product\/352","targetHints":{"allow":["GET"]}}],"collection":[{"href":"https:\/\/divainers.com\/no\/wp-json\/wp\/v2\/product"}],"about":[{"href":"https:\/\/divainers.com\/no\/wp-json\/wp\/v2\/types\/product"}],"replies":[{"embeddable":true,"href":"https:\/\/divainers.com\/no\/wp-json\/wp\/v2\/comments?post=352"}],"wp:featuredmedia":[{"embeddable":true,"href":"https:\/\/divainers.com\/no\/wp-json\/wp\/v2\/media\/15924"}],"wp:attachment":[{"href":"https:\/\/divainers.com\/no\/wp-json\/wp\/v2\/media?parent=352"}],"wp:term":[{"taxonomy":"product_brand","embeddable":true,"href":"https:\/\/divainers.com\/no\/wp-json\/wp\/v2\/product_brand?post=352"},{"taxonomy":"product_cat","embeddable":true,"href":"https:\/\/divainers.com\/no\/wp-json\/wp\/v2\/product_cat?post=352"},{"taxonomy":"product_tag","embeddable":true,"href":"https:\/\/divainers.com\/no\/wp-json\/wp\/v2\/product_tag?post=352"}],"curies":[{"name":"wp","href":"https:\/\/api.w.org\/{rel}","templated":true}]}}