{"id":384,"date":"2025-01-31T08:31:57","date_gmt":"2025-01-31T07:31:57","guid":{"rendered":"https:\/\/divainers.com\/producto\/divain-907\/"},"modified":"2026-04-30T16:21:26","modified_gmt":"2026-04-30T14:21:26","slug":"divain-907","status":"publish","type":"product","link":"https:\/\/divainers.com\/no\/producto\/divain-907\/","title":{"rendered":"divain.907"},"content":{"rendered":"<p>Intenzivn\u00ed a provokativn\u00ed v\u016fn\u011b, kter\u00e1 vyza\u0159uje sebev\u011bdom\u00ed a tajemstv\u00ed. Od prvn\u00edho n\u00e1dechu exploduje sm\u011bs b\u00edl\u00fdch kv\u011btin jako tuber\u00f3za a jasm\u00edn s osv\u011b\u017euj\u00edc\u00edm dotekem bergamotu, vytv\u00e1\u0159ej\u00edc\u00ed \u017eiv\u00fd a smysln\u00fd pocit. Jak se v\u016fn\u011b rozv\u00edj\u00ed, orient\u00e1ln\u00ed t\u00f3ny pa\u010duli a santalov\u00e9ho d\u0159eva p\u0159id\u00e1vaj\u00ed hloubku a obaluj\u00ed parf\u00e9m teplou smyslnost\u00ed. Sladk\u00fd dotek vanilky a pi\u017ema v z\u00e1kladu posiluje jeho sv\u016fdnou str\u00e1nku a zanech\u00e1v\u00e1 stopu, kter\u00e1 s \u010dasem nab\u00fdv\u00e1 na tajemnosti a obklopuje. Tato v\u016fn\u011b je navr\u017eena pro ty, kte\u0159\u00ed hledaj\u00ed z\u00e1\u017eitek spojuj\u00edc\u00ed s\u00edlu, smyslnost a n\u00e1dech tajemstv\u00ed, ide\u00e1ln\u00ed pro nezapomenuteln\u00fd dojem p\u0159i ka\u017ed\u00e9m kroku.<\/p>\n","protected":false},"excerpt":{"rendered":"<p>P\u0159ipom\u00edn\u00e1 voulez-vous coucher avec moi od by Kilian<\/p>\n","protected":false},"featured_media":15949,"comment_status":"open","ping_status":"closed","template":"","meta":[],"product_brand":[],"product_cat":[1951],"product_tag":[1407],"class_list":{"0":"post-384","1":"product","2":"type-product","3":"status-publish","4":"has-post-thumbnail","6":"product_cat-by-kilian","7":"product_tag-unisex","9":"first","10":"instock","11":"shipping-taxable","12":"product-type-simple"},"_links":{"self":[{"href":"https:\/\/divainers.com\/no\/wp-json\/wp\/v2\/product\/384","targetHints":{"allow":["GET"]}}],"collection":[{"href":"https:\/\/divainers.com\/no\/wp-json\/wp\/v2\/product"}],"about":[{"href":"https:\/\/divainers.com\/no\/wp-json\/wp\/v2\/types\/product"}],"replies":[{"embeddable":true,"href":"https:\/\/divainers.com\/no\/wp-json\/wp\/v2\/comments?post=384"}],"wp:featuredmedia":[{"embeddable":true,"href":"https:\/\/divainers.com\/no\/wp-json\/wp\/v2\/media\/15949"}],"wp:attachment":[{"href":"https:\/\/divainers.com\/no\/wp-json\/wp\/v2\/media?parent=384"}],"wp:term":[{"taxonomy":"product_brand","embeddable":true,"href":"https:\/\/divainers.com\/no\/wp-json\/wp\/v2\/product_brand?post=384"},{"taxonomy":"product_cat","embeddable":true,"href":"https:\/\/divainers.com\/no\/wp-json\/wp\/v2\/product_cat?post=384"},{"taxonomy":"product_tag","embeddable":true,"href":"https:\/\/divainers.com\/no\/wp-json\/wp\/v2\/product_tag?post=384"}],"curies":[{"name":"wp","href":"https:\/\/api.w.org\/{rel}","templated":true}]}}